{"id":43400,"date":"2020-12-02T18:28:26","date_gmt":"2020-12-02T17:28:26","guid":{"rendered":"http:\/\/www.hhp-ib.com\/?page_id=43400"},"modified":"2023-06-13T16:21:41","modified_gmt":"2023-06-13T14:21:41","slug":"services","status":"publish","type":"page","link":"https:\/\/www.hhp-ib.com\/de\/services","title":{"rendered":"Service"},"content":{"rendered":"<p>[et_pb_section fb_built=&#8220;1&#8243; admin_label=&#8220;Hero&#8220; _builder_version=&#8220;4.16&#8243; _module_preset=&#8220;default&#8220; background_color=&#8220;#efefef&#8220; custom_margin=&#8220;0px||0px||true|false&#8220; custom_padding=&#8220;0px||0px||true|false&#8220; global_colors_info=&#8220;{}&#8220;][et_pb_row _builder_version=&#8220;4.16&#8243; _module_preset=&#8220;default&#8220; background_enable_color=&#8220;off&#8220; background_image=&#8220;https:\/\/www.hhp-ib.com\/wp-content\/uploads\/2020\/12\/HHP_0004-2web.jpg&#8220; width=&#8220;100%&#8220; max_width=&#8220;100%&#8220; min_height=&#8220;55vh&#8220; min_height_tablet=&#8220;35vh&#8220; min_height_phone=&#8220;25vh&#8220; min_height_last_edited=&#8220;on|phone&#8220; global_colors_info=&#8220;{}&#8220;][et_pb_column type=&#8220;4_4&#8243; _builder_version=&#8220;4.16&#8243; _module_preset=&#8220;default&#8220; global_colors_info=&#8220;{}&#8220;][et_pb_divider show_divider=&#8220;off&#8220; _builder_version=&#8220;4.16&#8243; _module_preset=&#8220;default&#8220; height=&#8220;700px&#8220; height_tablet=&#8220;&#8220; height_phone=&#8220;&#8220; height_last_edited=&#8220;on|desktop&#8220; global_colors_info=&#8220;{}&#8220;][\/et_pb_divider][\/et_pb_column][\/et_pb_row][\/et_pb_section][et_pb_section fb_built=&#8220;1&#8243; _builder_version=&#8220;4.16&#8243; _module_preset=&#8220;default&#8220; global_colors_info=&#8220;{}&#8220;][et_pb_row _builder_version=&#8220;4.21.0&#8243; _module_preset=&#8220;default&#8220; global_colors_info=&#8220;{}&#8220;][et_pb_column type=&#8220;4_4&#8243; _builder_version=&#8220;4.16&#8243; _module_preset=&#8220;default&#8220; global_colors_info=&#8220;{}&#8220;][et_pb_text _builder_version=&#8220;4.21.0&#8243; _module_preset=&#8220;default&#8220; text_font=&#8220;Raleway|||on|||||&#8220; text_text_color=&#8220;#7a7a7a&#8220; text_font_size=&#8220;13px&#8220; text_letter_spacing=&#8220;1px&#8220; custom_margin=&#8220;||13px||false|false&#8220; custom_margin_tablet=&#8220;||10px||false|false&#8220; custom_margin_phone=&#8220;&#8220; custom_margin_last_edited=&#8220;on|tablet&#8220; text_font_size_tablet=&#8220;12px&#8220; text_font_size_phone=&#8220;11px&#8220; global_colors_info=&#8220;{}&#8220;]<\/p>\n<p>UMFASSEND, INDIVIDUELL, ZIELF\u00dcHREND<\/p>\n<p>[\/et_pb_text][et_pb_text module_class=&#8220;head-start&#8220; _builder_version=&#8220;4.21.0&#8243; _module_preset=&#8220;default&#8220; max_width_tablet=&#8220;65%&#8220; max_width_phone=&#8220;75%&#8220; header_font_size_tablet=&#8220;24px&#8220; global_colors_info=&#8220;{}&#8220;]<\/p>\n<h1>Was wir f\u00fcr Sie tun k\u00f6nnen<b><span class=\"Apple-converted-space\">\u00a0<\/span><\/b><\/h1>\n<p>[\/et_pb_text][et_pb_text _builder_version=&#8220;4.21.0&#8243; _module_preset=&#8220;default&#8220; global_colors_info=&#8220;{}&#8220;]<\/p>\n<p>Die Beratung bei Transaktionen f\u00fcr innovative Wachstumsunternehmen &#8211; das ist unsere St\u00e4rke.<\/p>\n<p>Wir unterst\u00fctzen unsere Kunden w\u00e4hrend ihres gesamten Unternehmenszyklus, von fr\u00fchen Wachstumsfinanzierungen, \u00fcber Add-on Akquisitionen und Joint Ventures, bis zu wertmaximierenden Verk\u00e4ufen. Wir arbeiten mit b\u00f6rsennotierten Unternehmen bei komplexen Transaktionen, einschlie\u00dflich Ausgliederungen, Carve-Outs und Take-Privates und au\u00dferdem mit SME-Kunden, Gro\u00dfunternehmen und Finanzinvestoren auf der Kauf- und Verkaufseite bei Minderheits- und Mehrheitstransaktionen. Die Evaluierung aller Optionen ist essentiell, um die Wertmaximierung der Transaktion sicherzustellen.<\/p>\n<p>Zus\u00e4tzlich beraten wir von Gr\u00fcndern gef\u00fchrte Unternehmen bei der privaten Kapitalbeschaffung und orchestrieren erfolgreiche Exits f\u00fcr Gr\u00fcnder und mit Wagniskapital \/ Wachstumskapital unterst\u00fctzte Unternehmen.<\/p>\n<p>Unsere Vorgehensweise: Wir erstellen und analysieren Businesspl\u00e4ne, Marketingunterlagen, Datenraummaterialien und alles Weitere, was f\u00fcr die Diskussion und Optimierung der Transaktionsbedingungen n\u00f6tig ist. Dies betrachten wir selbstverst\u00e4ndlich im Rahmen Ihres strategischen Umfeldes und Ihrer Zielsetzung.<\/p>\n<p>[\/et_pb_text][\/et_pb_column][\/et_pb_row][\/et_pb_section][et_pb_section fb_built=&#8220;1&#8243; admin_label=&#8220;Blackbox text right&#8220; _builder_version=&#8220;4.16&#8243; _module_preset=&#8220;default&#8220; background_color=&#8220;#030303&#8243; custom_padding=&#8220;0px||0px||true|false&#8220; global_colors_info=&#8220;{}&#8220;][et_pb_row column_structure=&#8220;3_5,2_5&#8243; use_custom_gutter=&#8220;on&#8220; gutter_width=&#8220;1&#8243; make_equal=&#8220;on&#8220; _builder_version=&#8220;4.16&#8243; _module_preset=&#8220;default&#8220; background_repeat=&#8220;repeat&#8220; width=&#8220;100%&#8220; max_width=&#8220;100%&#8220; custom_padding=&#8220;0px||0px||true|false&#8220; global_colors_info=&#8220;{}&#8220;][et_pb_column type=&#8220;3_5&#8243; _builder_version=&#8220;4.16&#8243; _module_preset=&#8220;default&#8220; background_image=&#8220;https:\/\/www.hhp-ib.com\/wp-content\/uploads\/2020\/12\/HHP_0003.jpg&#8220; background_repeat=&#8220;repeat&#8220; global_colors_info=&#8220;{}&#8220;][et_pb_divider show_divider=&#8220;off&#8220; _builder_version=&#8220;4.21.0&#8243; _module_preset=&#8220;default&#8220; min_height_tablet=&#8220;&#8220; min_height_phone=&#8220;&#8220; min_height_last_edited=&#8220;on|desktop&#8220; height=&#8220;55vh&#8220; height_tablet=&#8220;35vh&#8220; height_phone=&#8220;25vh&#8220; height_last_edited=&#8220;on|phone&#8220; global_colors_info=&#8220;{}&#8220;][\/et_pb_divider][\/et_pb_column][et_pb_column type=&#8220;2_5&#8243; _builder_version=&#8220;4.16&#8243; _module_preset=&#8220;default&#8220; custom_padding=&#8220;85px|80px|85px|80px|true|true&#8220; custom_padding_tablet=&#8220;&#8220; custom_padding_phone=&#8220;|47px||47px|true|true&#8220; custom_padding_last_edited=&#8220;on|phone&#8220; global_colors_info=&#8220;{}&#8220;][et_pb_text module_class=&#8220;head-start&#8220; _builder_version=&#8220;4.21.0&#8243; _module_preset=&#8220;default&#8220; header_2_text_color=&#8220;#f4f4f4&#8243; header_2_font_size=&#8220;27px&#8220; max_width_tablet=&#8220;65%&#8220; max_width_phone=&#8220;75%&#8220; header_2_font_size_tablet=&#8220;22px&#8220; header_2_font_size_phone=&#8220;18px&#8220; global_colors_info=&#8220;{}&#8220;]<\/p>\n<h2>M&amp;A Beratung<\/h2>\n<p>[\/et_pb_text][et_pb_text _builder_version=&#8220;4.21.0&#8243; _module_preset=&#8220;default&#8220; text_text_color=&#8220;#f4f4f4&#8243; global_colors_info=&#8220;{}&#8220;]<span>Von der <\/span>fr\u00fchen Positionierung, \u00fcber die Due-Diligence-Vorbereitung bis hin zu Vertragsverhandlungen &#8211; wir begleiten den gesamten Prozess.<span class=\"Apple-converted-space\">\u00a0<\/span><\/p>\n<p>Alle HHP Senior Professionals verf\u00fcgen \u00fcber ein tiefes Verst\u00e4ndnis von Fusionen und \u00dcbernahmen, da sie bei einigen der komplexesten Transaktionen weltweit mitgewirkt haben. Die Evaluierung und Durchf\u00fchrung einer wertmaximierenden Transaktion f\u00fcr Sie &#8211; das ist unser Metier und wir beraten Sie gerne!<\/p>\n<p>Was ist der entscheidende Unterschied?[\/et_pb_text][et_pb_button button_url=&#8220;@ET-DC@eyJkeW5hbWljIjp0cnVlLCJjb250ZW50IjoicG9zdF9saW5rX3VybF9wYWdlIiwic2V0dGluZ3MiOnsicG9zdF9pZCI6IjQzNzc0In19@&#8220; button_text=&#8220;Lesen Sie hier&#8230;&#8220; button_alignment_tablet=&#8220;&#8220; button_alignment_phone=&#8220;center&#8220; button_alignment_last_edited=&#8220;on|desktop&#8220; _builder_version=&#8220;4.19.5&#8243; _dynamic_attributes=&#8220;button_url&#8220; _module_preset=&#8220;default&#8220; custom_button=&#8220;on&#8220; button_text_size=&#8220;17px&#8220; button_text_color=&#8220;#000000&#8243; button_bg_color=&#8220;#FFFFFF&#8220; button_border_width=&#8220;0px&#8220; button_border_radius=&#8220;26px&#8220; button_font=&#8220;Open Sans||||||||&#8220; button_icon=&#8220;&#x35;||divi||400&#8243; button_icon_color=&#8220;#f4f4f4&#8243; custom_margin=&#8220;55px||7px||false|false&#8220; custom_margin_tablet=&#8220;45px||||false|false&#8220; custom_margin_phone=&#8220;&#8220; custom_margin_last_edited=&#8220;on|phone&#8220; custom_padding=&#8220;5px|36px|5px|36px|false|false&#8220; global_colors_info=&#8220;{}&#8220; button_text_color__hover_enabled=&#8220;on|hover&#8220; button_text_color__hover=&#8220;#f4f4f4&#8243; button_bg_color__hover_enabled=&#8220;on|hover&#8220; button_bg_color__hover=&#8220;#577eb2&#8243; button_bg_enable_color__hover=&#8220;on&#8220;][\/et_pb_button][\/et_pb_column][\/et_pb_row][\/et_pb_section][et_pb_section fb_built=&#8220;1&#8243; custom_padding_last_edited=&#8220;on|desktop&#8220; admin_label=&#8220;Blackbox text right&#8220; _builder_version=&#8220;4.16&#8243; _module_preset=&#8220;default&#8220; background_enable_color=&#8220;off&#8220; custom_padding=&#8220;||||true|false&#8220; custom_padding_tablet=&#8220;&#8220; custom_padding_phone=&#8220;&#8220; global_colors_info=&#8220;{}&#8220;][et_pb_row _builder_version=&#8220;4.16&#8243; _module_preset=&#8220;default&#8220; global_colors_info=&#8220;{}&#8220;][et_pb_column type=&#8220;4_4&#8243; _builder_version=&#8220;4.16&#8243; _module_preset=&#8220;default&#8220; global_colors_info=&#8220;{}&#8220;][et_pb_text module_class=&#8220;head-start&#8220; _builder_version=&#8220;4.21.0&#8243; _module_preset=&#8220;default&#8220; header_2_text_color=&#8220;#030303&#8243; header_2_font_size=&#8220;27px&#8220; max_width_tablet=&#8220;65%&#8220; max_width_phone=&#8220;100%&#8220; max_width_last_edited=&#8220;on|phone&#8220; header_2_font_size_tablet=&#8220;22px&#8220; header_2_font_size_phone=&#8220;18px&#8220; global_colors_info=&#8220;{}&#8220;]<\/p>\n<h2>Private Wachstumskapital- und Fremdkapitalbeschaffung<\/h2>\n<p>[\/et_pb_text][et_pb_text _builder_version=&#8220;4.21.0&#8243; _module_preset=&#8220;default&#8220; global_colors_info=&#8220;{}&#8220;]<\/p>\n<p><span>HHP <\/span>unterst\u00fctzt Sie bei der Beschaffung von Wagnis- und Wachstumskapital. Dabei maximieren wir den Wert Ihres Unternehmens durch die Optimierung struktureller Aspekte einer Transaktion und der Auswahl idealer Partner.<\/p>\n<p>Zusammen mit Ihnen kommunizieren wir mit den sorgf\u00e4ltig ausgew\u00e4hlten Investoren. Wettbewerbsspannung wird maximiert und gleichzeitig die Finanzierung durch den besten Partner gesichert. Dabei kommt Ihnen unser Zugang zu Hunderten von professionellen Private-Equity-, VC- und Family-Office-Investoren weltweit zugute.<span class=\"Apple-converted-space\">\u00a0<\/span><\/p>\n<p>[\/et_pb_text][\/et_pb_column][\/et_pb_row][\/et_pb_section][et_pb_section fb_built=&#8220;1&#8243; admin_label=&#8220;Blackbox text right&#8220; _builder_version=&#8220;4.16&#8243; _module_preset=&#8220;default&#8220; background_color=&#8220;#030303&#8243; custom_padding=&#8220;0px||0px||true|false&#8220; global_colors_info=&#8220;{}&#8220;][et_pb_row column_structure=&#8220;3_5,2_5&#8243; use_custom_gutter=&#8220;on&#8220; gutter_width=&#8220;1&#8243; make_equal=&#8220;on&#8220; _builder_version=&#8220;4.16&#8243; _module_preset=&#8220;default&#8220; background_repeat=&#8220;repeat&#8220; width=&#8220;100%&#8220; max_width=&#8220;100%&#8220; custom_padding=&#8220;0px||0px||true|false&#8220; global_colors_info=&#8220;{}&#8220;][et_pb_column type=&#8220;3_5&#8243; _builder_version=&#8220;4.16&#8243; _module_preset=&#8220;default&#8220; background_image=&#8220;https:\/\/www.hhp-ib.com\/wp-content\/uploads\/2020\/12\/HHP_0002.jpg&#8220; background_repeat=&#8220;repeat&#8220; filter_saturate=&#8220;47%&#8220; filter_brightness=&#8220;66%&#8220; global_colors_info=&#8220;{}&#8220;][et_pb_divider show_divider=&#8220;off&#8220; _builder_version=&#8220;4.16&#8243; _module_preset=&#8220;default&#8220; min_height_tablet=&#8220;&#8220; min_height_phone=&#8220;&#8220; min_height_last_edited=&#8220;on|desktop&#8220; height=&#8220;55vh&#8220; height_tablet=&#8220;35vh&#8220; height_phone=&#8220;25vh&#8220; height_last_edited=&#8220;on|phone&#8220; global_colors_info=&#8220;{}&#8220;][\/et_pb_divider][\/et_pb_column][et_pb_column type=&#8220;2_5&#8243; _builder_version=&#8220;4.16&#8243; _module_preset=&#8220;default&#8220; custom_padding=&#8220;85px|80px|85px|80px|true|true&#8220; custom_padding_tablet=&#8220;&#8220; custom_padding_phone=&#8220;|47px||47px|true|true&#8220; custom_padding_last_edited=&#8220;on|phone&#8220; global_colors_info=&#8220;{}&#8220;][et_pb_text module_class=&#8220;head-start&#8220; _builder_version=&#8220;4.21.0&#8243; _module_preset=&#8220;default&#8220; header_text_color=&#8220;#f4f4f4&#8243; header_2_text_color=&#8220;#f4f4f4&#8243; header_2_font_size=&#8220;27px&#8220; header_2_font_size_tablet=&#8220;22px&#8220; header_2_font_size_phone=&#8220;18px&#8220; global_colors_info=&#8220;{}&#8220;]<\/p>\n<h2>Kapitalmarktberatung<\/h2>\n<p>[\/et_pb_text][et_pb_text _builder_version=&#8220;4.16&#8243; _module_preset=&#8220;default&#8220; text_text_color=&#8220;#f4f4f4&#8243; global_colors_info=&#8220;{}&#8220;]<\/p>\n<p><span>Eine unserer St\u00e4rken: Die Erfahrung. <\/span>Wir haben an unterschiedlichsten B\u00f6rseng\u00e4ngen und Dual-Track-Prozessen mit parallel laufenden M&amp;A- und IPO-Optionen gearbeitet und bieten Ihnen umfassende Beratungsdienste hierzu an.<span class=\"Apple-converted-space\">\u00a0<\/span><\/p>\n<p>Unsere Beratung ist immer durchdacht und wir stehen Ihnen &#8211; wirklich &#8211; zur Seite.<span class=\"Apple-converted-space\">\u00a0<\/span><\/p>\n<p>Haben Sie eine Frage?<\/p>\n<p>[\/et_pb_text][et_pb_button button_url=&#8220;@ET-DC@eyJkeW5hbWljIjp0cnVlLCJjb250ZW50IjoicG9zdF9saW5rX3VybF9wYWdlIiwic2V0dGluZ3MiOnsicG9zdF9pZCI6IjQzNDI1In19@&#8220; button_text=&#8220;Ja, bitte!&#8220; button_alignment_tablet=&#8220;&#8220; button_alignment_phone=&#8220;center&#8220; button_alignment_last_edited=&#8220;on|desktop&#8220; _builder_version=&#8220;4.19.5&#8243; _dynamic_attributes=&#8220;button_url&#8220; _module_preset=&#8220;default&#8220; custom_button=&#8220;on&#8220; button_text_size=&#8220;17px&#8220; button_text_color=&#8220;#000000&#8243; button_bg_color=&#8220;#FFFFFF&#8220; button_border_width=&#8220;0px&#8220; button_border_radius=&#8220;26px&#8220; button_font=&#8220;Open Sans||||||||&#8220; button_icon=&#8220;&#x35;||divi||400&#8243; button_icon_color=&#8220;#f4f4f4&#8243; custom_margin=&#8220;55px||7px||false|false&#8220; custom_margin_tablet=&#8220;45px||||false|false&#8220; custom_margin_phone=&#8220;&#8220; custom_margin_last_edited=&#8220;on|phone&#8220; custom_padding=&#8220;5px|36px|5px|36px|false|false&#8220; global_colors_info=&#8220;{}&#8220; button_bg_color__hover_enabled=&#8220;on|hover&#8220; button_bg_color__hover=&#8220;#577eb2&#8243; button_bg_enable_color__hover=&#8220;on&#8220; button_text_color__hover_enabled=&#8220;on|hover&#8220; button_text_color__hover=&#8220;#f4f4f4&#8243;][\/et_pb_button][\/et_pb_column][\/et_pb_row][\/et_pb_section][et_pb_section fb_built=&#8220;1&#8243; _builder_version=&#8220;4.16&#8243; _module_preset=&#8220;default&#8220; global_colors_info=&#8220;{}&#8220;][et_pb_row _builder_version=&#8220;4.16&#8243; _module_preset=&#8220;default&#8220; custom_margin=&#8220;22px||54px||false|false&#8220; custom_margin_tablet=&#8220;&#8220; custom_margin_phone=&#8220;0px||0px||true|false&#8220; custom_margin_last_edited=&#8220;on|desktop&#8220; global_colors_info=&#8220;{}&#8220;][et_pb_column type=&#8220;4_4&#8243; _builder_version=&#8220;4.16&#8243; _module_preset=&#8220;default&#8220; global_colors_info=&#8220;{}&#8220;][et_pb_text _builder_version=&#8220;4.21.0&#8243; _module_preset=&#8220;default&#8220; text_font=&#8220;Raleway|||on|||||&#8220; text_text_color=&#8220;#7a7a7a&#8220; text_font_size=&#8220;13px&#8220; text_letter_spacing=&#8220;1px&#8220; custom_margin=&#8220;||13px||false|false&#8220; custom_margin_tablet=&#8220;||10px||false|false&#8220; custom_margin_phone=&#8220;&#8220; custom_margin_last_edited=&#8220;on|tablet&#8220; hover_enabled=&#8220;0&#8243; text_font_size_tablet=&#8220;12px&#8220; text_font_size_phone=&#8220;11px&#8220; global_colors_info=&#8220;{}&#8220; sticky_enabled=&#8220;0&#8243;]<\/p>\n<p>Unser Team<\/p>\n<p>[\/et_pb_text][et_pb_text _builder_version=&#8220;4.21.0&#8243; _module_preset=&#8220;default&#8220; max_width_tablet=&#8220;65%&#8220; max_width_phone=&#8220;75%&#8220; max_width_last_edited=&#8220;on|tablet&#8220; hover_enabled=&#8220;0&#8243; global_colors_info=&#8220;{}&#8220; module_class=&#8220;head-start&#8220; sticky_enabled=&#8220;0&#8243;]<\/p>\n<h3>Lernen Sie uns kennen<\/h3>\n<p>[\/et_pb_text][et_pb_text _builder_version=&#8220;4.16&#8243; _module_preset=&#8220;default&#8220; global_colors_info=&#8220;{}&#8220;]<\/p>\n<p>Einen Partner finden hei\u00dft ihn kennenlernen. D\u00fcrfen wir uns bei Ihnen vorstellen?<\/p>\n<p>[\/et_pb_text][et_pb_button button_url=&#8220;@ET-DC@eyJkeW5hbWljIjp0cnVlLCJjb250ZW50IjoicG9zdF9saW5rX3VybF9wYWdlIiwic2V0dGluZ3MiOnsicG9zdF9pZCI6IjQzOTcwIn19@&#8220; button_text=&#8220;Das ist HHP&#8220; _builder_version=&#8220;4.19.5&#8243; _dynamic_attributes=&#8220;button_url&#8220; _module_preset=&#8220;default&#8220; custom_button=&#8220;on&#8220; button_text_size=&#8220;17px&#8220; button_text_color=&#8220;#f4f4f4&#8243; button_bg_color=&#8220;#000000&#8243; button_border_width=&#8220;0px&#8220; button_border_radius=&#8220;26px&#8220; button_font=&#8220;Open Sans||||||||&#8220; button_icon=&#8220;&#x35;||divi||400&#8243; button_icon_color=&#8220;#f4f4f4&#8243; custom_margin=&#8220;7px||7px||false|false&#8220; custom_padding=&#8220;5px|36px|5px|36px|false|false&#8220; global_colors_info=&#8220;{}&#8220; button_bg_color__hover=&#8220;#577eb2&#8243; button_bg_color__hover_enabled=&#8220;on|hover&#8220;][\/et_pb_button][\/et_pb_column][\/et_pb_row][\/et_pb_section]<\/p>\n","protected":false},"excerpt":{"rendered":"<p>UMFASSEND, INDIVIDUELL, ZIELF\u00dcHRENDWas wir f\u00fcr Sie tun k\u00f6nnen\u00a0Die Beratung bei Transaktionen f\u00fcr innovative Wachstumsunternehmen &#8211; das ist unsere St\u00e4rke. Wir unterst\u00fctzen unsere Kunden w\u00e4hrend ihres gesamten Unternehmenszyklus, von fr\u00fchen Wachstumsfinanzierungen, \u00fcber Add-on Akquisitionen und Joint Ventures, bis zu wertmaximierenden Verk\u00e4ufen. Wir arbeiten mit b\u00f6rsennotierten Unternehmen bei komplexen Transaktionen, einschlie\u00dflich Ausgliederungen, Carve-Outs und Take-Privates und au\u00dferdem [&hellip;]<\/p>\n","protected":false},"author":4,"featured_media":0,"parent":0,"menu_order":0,"comment_status":"closed","ping_status":"closed","template":"","meta":{"_et_pb_use_builder":"on","_et_pb_old_content":"","_et_gb_content_width":"","_monsterinsights_skip_tracking":false,"_monsterinsights_sitenote_active":false,"_monsterinsights_sitenote_note":"","_monsterinsights_sitenote_category":0,"footnotes":""},"class_list":["post-43400","page","type-page","status-publish","hentry"],"_links":{"self":[{"href":"https:\/\/www.hhp-ib.com\/de\/wp-json\/wp\/v2\/pages\/43400","targetHints":{"allow":["GET"]}}],"collection":[{"href":"https:\/\/www.hhp-ib.com\/de\/wp-json\/wp\/v2\/pages"}],"about":[{"href":"https:\/\/www.hhp-ib.com\/de\/wp-json\/wp\/v2\/types\/page"}],"author":[{"embeddable":true,"href":"https:\/\/www.hhp-ib.com\/de\/wp-json\/wp\/v2\/users\/4"}],"replies":[{"embeddable":true,"href":"https:\/\/www.hhp-ib.com\/de\/wp-json\/wp\/v2\/comments?post=43400"}],"version-history":[{"count":66,"href":"https:\/\/www.hhp-ib.com\/de\/wp-json\/wp\/v2\/pages\/43400\/revisions"}],"predecessor-version":[{"id":237942,"href":"https:\/\/www.hhp-ib.com\/de\/wp-json\/wp\/v2\/pages\/43400\/revisions\/237942"}],"wp:attachment":[{"href":"https:\/\/www.hhp-ib.com\/de\/wp-json\/wp\/v2\/media?parent=43400"}],"curies":[{"name":"wp","href":"https:\/\/api.w.org\/{rel}","templated":true}]}}