{"id":43430,"date":"2020-12-02T18:24:25","date_gmt":"2020-12-02T17:24:25","guid":{"rendered":"http:\/\/www.hhp-ib.com\/?page_id=43430"},"modified":"2023-06-12T13:58:32","modified_gmt":"2023-06-12T11:58:32","slug":"karriere","status":"publish","type":"page","link":"https:\/\/www.hhp-ib.com\/de\/karriere","title":{"rendered":"Karriere"},"content":{"rendered":"<p>[et_pb_section fb_built=&#8220;1&#8243; admin_label=&#8220;Hero&#8220; _builder_version=&#8220;4.16&#8243; _module_preset=&#8220;default&#8220; background_color=&#8220;#efefef&#8220; custom_margin=&#8220;0px||0px||true|false&#8220; custom_padding=&#8220;0px||0px||true|false&#8220; global_colors_info=&#8220;{}&#8220;][et_pb_row _builder_version=&#8220;4.16&#8243; _module_preset=&#8220;default&#8220; background_enable_color=&#8220;off&#8220; background_image=&#8220;https:\/\/www.hhp-ib.com\/wp-content\/uploads\/2020\/12\/HHP_stairs.jpg&#8220; width=&#8220;100%&#8220; max_width=&#8220;100%&#8220; min_height=&#8220;55vh&#8220; min_height_tablet=&#8220;35vh&#8220; min_height_phone=&#8220;25vh&#8220; min_height_last_edited=&#8220;on|phone&#8220; global_colors_info=&#8220;{}&#8220;][et_pb_column type=&#8220;4_4&#8243; _builder_version=&#8220;4.16&#8243; _module_preset=&#8220;default&#8220; global_colors_info=&#8220;{}&#8220;][et_pb_divider show_divider=&#8220;off&#8220; _builder_version=&#8220;4.16&#8243; _module_preset=&#8220;default&#8220; height=&#8220;700px&#8220; height_tablet=&#8220;&#8220; height_phone=&#8220;&#8220; height_last_edited=&#8220;on|desktop&#8220; global_colors_info=&#8220;{}&#8220;][\/et_pb_divider][\/et_pb_column][\/et_pb_row][\/et_pb_section][et_pb_section fb_built=&#8220;1&#8243; _builder_version=&#8220;4.16&#8243; _module_preset=&#8220;default&#8220; custom_margin=&#8220;||100px||false|false&#8220; custom_margin_tablet=&#8220;&#8220; custom_margin_phone=&#8220;||0px||false|false&#8220; custom_margin_last_edited=&#8220;on|phone&#8220; global_colors_info=&#8220;{}&#8220;][et_pb_row _builder_version=&#8220;4.16&#8243; _module_preset=&#8220;default&#8220; global_colors_info=&#8220;{}&#8220;][et_pb_column type=&#8220;4_4&#8243; _builder_version=&#8220;4.16&#8243; _module_preset=&#8220;default&#8220; global_colors_info=&#8220;{}&#8220;][et_pb_text _builder_version=&#8220;4.21.0&#8243; _module_preset=&#8220;default&#8220; text_font=&#8220;Raleway|||on|||||&#8220; text_text_color=&#8220;#7a7a7a&#8220; text_font_size=&#8220;13px&#8220; text_letter_spacing=&#8220;1px&#8220; custom_margin=&#8220;||13px||false|false&#8220; custom_margin_tablet=&#8220;||10px||false|false&#8220; custom_margin_phone=&#8220;&#8220; custom_margin_last_edited=&#8220;on|tablet&#8220; text_font_size_tablet=&#8220;12px&#8220; text_font_size_phone=&#8220;11px&#8220; global_colors_info=&#8220;{}&#8220;]<\/p>\n<p>Erfahren, unabh\u00e4ngig, kompetent<\/p>\n<p>[\/et_pb_text][et_pb_text _builder_version=&#8220;4.21.0&#8243; _module_preset=&#8220;default&#8220; max_width_tablet=&#8220;65%&#8220; max_width_phone=&#8220;75%&#8220; hover_enabled=&#8220;0&#8243; header_font_size_tablet=&#8220;24px&#8220; global_colors_info=&#8220;{}&#8220; module_class=&#8220;head-start&#8220; sticky_enabled=&#8220;0&#8243;]<\/p>\n<h1>Herbst Hilgenfeldt Partners (HHP)<\/h1>\n<p>[\/et_pb_text][et_pb_text _builder_version=&#8220;4.16&#8243; _module_preset=&#8220;default&#8220; global_colors_info=&#8220;{}&#8220;]<\/p>\n<p>HHP ist einer der f\u00fchrenden TMT Corporate Finance- und M&amp;A-Berater im deutschsprachigen Europa. Das Senior Team setzt sich ausschlie\u00dflich aus Mitgliedern zusammen, die zuvor in leitenden Funktionen bei f\u00fchrenden globalen Investmentbanken wie UBS, Jefferies, Credit Suisse und Rothschild gearbeitet haben.<\/p>\n<p>TMT ist das Herzst\u00fcck unseres Gesch\u00e4fts &#8211; und kein anderes Team kann HHP hinsichtlich des Transaktionsvolumens, der Anzahl der Transaktionen und der hervorragenden Beziehungen zu f\u00fchrenden Entscheidungstr\u00e4gern, die einen konstanten und beeindruckenden Deal Flow erm\u00f6glichen, das Wasser reichen.<\/p>\n<p>Wir suchen aktuell:<\/p>\n<p>[\/et_pb_text][\/et_pb_column][\/et_pb_row][et_pb_row _builder_version=&#8220;4.16&#8243; _module_preset=&#8220;default&#8220; custom_padding=&#8220;0px||0px||true|false&#8220; global_colors_info=&#8220;{}&#8220;][et_pb_column type=&#8220;4_4&#8243; _builder_version=&#8220;4.16&#8243; _module_preset=&#8220;default&#8220; global_colors_info=&#8220;{}&#8220;][et_pb_accordion icon_color=&#8220;#000000&#8243; use_icon_font_size=&#8220;on&#8220; icon_font_size=&#8220;40px&#8220; _builder_version=&#8220;4.21.0&#8243; _module_preset=&#8220;default&#8220; toggle_level=&#8220;h2&#8243; toggle_font=&#8220;Raleway|||on|||||&#8220; toggle_font_size=&#8220;24px&#8220; background_color=&#8220;rgba(0,0,0,0)&#8220; toggle_font_size_tablet=&#8220;18px&#8220; toggle_font_size_phone=&#8220;13px&#8220; toggle_font_size_last_edited=&#8220;on|desktop&#8220; border_width_all=&#8220;0px&#8220; global_colors_info=&#8220;{}&#8220;][et_pb_accordion_item title=&#8220;Your Title Goes Here&#8220; open=&#8220;on&#8220; _builder_version=&#8220;4.20.2&#8243; _module_preset=&#8220;default&#8220; custom_css_main_element=&#8220;display: none;&#8220; global_colors_info=&#8220;{}&#8220;]<\/p>\n<p>Your content goes here. Edit or remove this text inline or in the module Content settings. You can also style every aspect of this content in the module Design settings and even apply custom CSS to this text in the module Advanced settings.<\/p>\n<p>[\/et_pb_accordion_item][et_pb_accordion_item title=&#8220;Analyst (m\/f\/d) TMT Corporate Finance \/ Mergers &#038; Acquisitions&#8220; icon_color=&#8220;#000000&#8243; _builder_version=&#8220;4.21.0&#8243; _module_preset=&#8220;default&#8220; background_color=&#8220;#f4f4f4&#8243; background_enable_color=&#8220;on&#8220; global_colors_info=&#8220;{}&#8220; open=&#8220;off&#8220;]&nbsp;<\/p>\n<p><strong>Standort:<\/strong> Frankfurt am Main<\/p>\n<p>F\u00fcr unser Frankfurter B\u00fcro suchen wir aktuell einen Analysten (m\/f\/d), der das Team bei seiner raschen Expansion unterst\u00fctzt.<span class=\"Apple-converted-space\">\u00a0<\/span><\/p>\n<p>&nbsp;<\/p>\n<p><strong>Der Aufgabenbereich<\/strong><\/p>\n<ul>\n<li>Aktive Beteiligung an der Generierung und Durchf\u00fchrung von Transaktionen im Bereich Corporate Finance in der DACH-Region und in Europa<\/li>\n<li>Zu den Schl\u00fcsselfunktionen geh\u00f6ren unter anderem die Vorbereitung von Management-Pr\u00e4sentationen, Marketing-Pitches, Unternehmensrecherche usw.<\/li>\n<li>Erstellung und Pflege verschiedener Finanzmodelle. Dies w\u00fcrde sowohl DCF- als auch LBO-Modelle umfassen.<\/li>\n<li>Kontinuierliche Unterst\u00fctzung bei der Pflege von Beziehungen zu Kunden und Gesch\u00e4ftspartnern<\/li>\n<li>Enge Zusammenarbeit mit dem Senior Management<span class=\"Apple-converted-space\">\u00a0<\/span><\/li>\n<\/ul>\n<p>&nbsp;<\/p>\n<p><strong>Dein Profil \/ das bringst Du mit<\/strong><\/p>\n<ul>\n<li>Internationaler Bachelor-\/Master-\/Hochschulabschluss in Finanzen, Rechnungswesen oder verwandten Disziplinen<\/li>\n<li>Praktische Erfahrung Investment Banking\/Big-4-Umfeld hilfreich<\/li>\n<li>Ausgezeichnete Kommunikationsf\u00e4higkeiten<\/li>\n<li>Eine ausgepr\u00e4gte F\u00e4higkeit Modelle sowohl im DCF- als auch im LBO-Bereich zu erstellen und eine nachgewiesene Erfolgsbilanz bei M&amp;A\/Corporate Finance-bezogenen Transaktionen<\/li>\n<\/ul>\n<h3><\/h3>\n<p>&nbsp;<\/p>\n<p><strong>Bewerbung<\/strong><\/p>\n<p>Bewirb Dich jetzt bei einer der am schnellsten wachsenden deutschen Corporate Finance- und M&amp;A-Boutiquen. Bitte sende Dein Bewerbungsanschreiben zusammen mit Deinem aktuellen Lebenslauf sowie Referenzdokumenten an Vanessa Hilgenfeldt, E-mail: <a title=\"career@hhp-ib.com\" href=\"mailto:career@hhp-ib.com\">career@hhp-ib.com<\/a><\/p>\n<p>Wenn Du Fragen zu der Stelle oder Deiner Bewerbung hast, kannst Du uns gerne unter <strong>+49 69 717 1989 0<\/strong> kontaktieren.<\/p>\n<p>&nbsp;<\/p>\n<p>&nbsp;<\/p>\n<p>&nbsp;[\/et_pb_accordion_item][et_pb_accordion_item title=&#8220;Praktikant (m\/w\/d) TMT Corporate Finance \/ Mergers &#038; Acquisitions&#8220; icon_color=&#8220;#000000&#8243; _builder_version=&#8220;4.21.0&#8243; _module_preset=&#8220;default&#8220; background_color=&#8220;#f4f4f4&#8243; background_enable_color=&#8220;on&#8220; global_colors_info=&#8220;{}&#8220; open=&#8220;off&#8220;]<\/p>\n<p>&nbsp;<\/p>\n<p><strong>Standort:<\/strong> Frankfurt am Main<\/p>\n<p>Wir suchen einen Praktikanten (m\/w\/d), der das Team bei seiner raschen Expansion unterst\u00fctzt. Erfolgreiche Praktikumskandidaten sind ganz klar unsere erste Wahl f\u00fcr Festanstellungen.<\/p>\n<p>&nbsp;<\/p>\n<p><strong>Der Aufgabenbereich<\/strong><\/p>\n<p>Du wirst vom ersten Tag an ein vollwertiges Mitglied eines kleinen, aber \u00e4u\u00dferst erfahrenen und hoch motivierten Teams sein. Als solches wirst Du an jedem Aspekt einer M&amp;A-Transaktion beteiligt sein, von der Ideenfindung bis hin zum Pitching und der Durchf\u00fchrung der Transaktion.<\/p>\n<p>Du wirst sehr eng mit allen Mitarbeitern, einschlie\u00dflich der Senior Partner, zusammenarbeiten und von mehr als 55 Jahren kombinierter Erfahrung im Investment Banking lernen k\u00f6nnen.<\/p>\n<p>Zu Beginn Deines Praktikums werden wir Dich mit dem praktischen und technischen Wissen ausstatten und Dich mit dem n\u00f6tigen Handwerkszeug vertraut machen, welches f\u00fcr die Beratung im Bereich Corporate Finance n\u00f6tig ist.<\/p>\n<p>Dadurch wirst Du in der Lage sein, das Team in allen Phasen von Corporate Finance-Transaktionen zu unterst\u00fctzen, einschlie\u00dflich sorgf\u00e4ltiger und professioneller Unternehmenspr\u00e4sentation (Unternehmensprofile), der gr\u00fcndlichen Untersuchung der Markt- und Wettbewerbslandschaft sowie der Unternehmensbewertung (einschlie\u00dflich Finanzmodellierung).<\/p>\n<p>Wenn Du dich angesprochen f\u00fchlst, eine ausgepr\u00e4gte Can-do-Einstellung und unternehmerische Denkweise hast, freuen wir uns auf Deine Bewerbung!<\/p>\n<p>&nbsp;<\/p>\n<p><strong>Dein Profil \/ das bringst Du mit<\/strong><\/p>\n<ul>\n<li>Student (idealerweise aus dem Bereich Wirtschaft \/ Unternehmen \/ Finanzen)<\/li>\n<li>Fundierte theoretische Kenntnisse im Bereich Corporate Finance \/ Investment Banking (u.a. allgemeines Verst\u00e4ndnis von Corporate Finance Thematik, M&amp;A-Prozessen und Bewertungsmethoden)<\/li>\n<li>Vorherige Erfahrung \/ Praktika in den Bereichen Investmentbanking, Unternehmensfinanzierung oder Transaktionsberatung hilfreich<\/li>\n<li>Au\u00dfergew\u00f6hnliche Kommunikationsf\u00e4higkeiten, sowohl auf Englisch als auch auf Deutsch (beide mindestens Niveau C1)<\/li>\n<li>Sehr gute Kenntnisse der MS Office-Produkte, insbesondere von PowerPoint und Excel<\/li>\n<li>Analytischer, hoch motivierter und detailorientierter Teamplayer, der auch unter Druck gute Leistungen erbringt<\/li>\n<li>Mindestverf\u00fcgbarkeit von 3 Monaten (bitte gib den genauen Zeitraum an, f\u00fcr den Du Dich bewirbst)<\/li>\n<\/ul>\n<h3>\u00a0<\/h3>\n<p><strong>Bewerbung<\/strong><\/p>\n<p>Bewirb Dich jetzt bei einer der am schnellsten wachsenden deutschen Corporate Finance- und M&amp;A-Boutiquen. Bitte sende Dein Bewerbungsanschreiben zusammen mit Deinem aktuellen Lebenslauf sowie Referenzdokumenten (z.B. Abschlusszeugnis, Immatrikulationsbescheinigung sowie Zeugnisse) an Vanessa Hilgenfeldt, E-mail: <a title=\"career@hhp-ib.com\" href=\"mailto:career@hhp-ib.com\">career@hhp-ib.com<\/a><\/p>\n<p>Wenn Du Fragen zu der Stelle oder Deiner Bewerbung hast, kannst Du uns gerne unter <strong>+49 69 717 1989 0<\/strong> kontaktieren.<\/p>\n<p>&nbsp;<\/p>\n<p>&nbsp;<\/p>\n<p>&nbsp;<\/p>\n<p>[\/et_pb_accordion_item][et_pb_accordion_item title=&#8220;Executive Assistant (m\/w\/d) &#8220; icon_color=&#8220;#000000&#8243; _builder_version=&#8220;4.20.2&#8243; _module_preset=&#8220;default&#8220; background_color=&#8220;#f4f4f4&#8243; background_enable_color=&#8220;on&#8220; custom_css_main_element=&#8220;display:none;&#8220; global_colors_info=&#8220;{}&#8220; open=&#8220;off&#8220;]<\/p>\n<p><strong><\/strong><\/p>\n<p>HHP ist eine inhabergef\u00fchrte Investmentbanking-Boutique mit Schwerpunkt im europ\u00e4ischen Telekommunikations-\/Medien-\/Technologiesektor und B\u00fcros in Frankfurt und London. HHP agiert als unabh\u00e4ngiger Corporate Finance-Berater bei Unternehmens\u00fcbernahmen, Abspaltungen, Ausgliederungen und privatplatzierten Kapitalbeschaffungstransaktionen.<\/p>\n<p><span style=\"font-size: 17px;\"> HHP konzentriert sich darauf, ihren Klienten in allen Corporate Finance Fragen mit erstklassiger Beratung zur Seite zu stehen.<\/span><\/p>\n<p><span style=\"font-size: 17px;\">Zur Unterst\u00fctzung unseres Teams suchen wir ab sofort in Frankfurt am Main unbefristet eine\/n Executive Assistant (m\/w\/d).<\/span><\/p>\n<p><u>Anforderungsprofil:<\/u><\/p>\n<ul>\n<li>Einschl\u00e4gige Berufserfahrung im Assistenzbereich (idealerweise im Banking- oder Strategieberatungsumfeld)<\/li>\n<li>Flie\u00dfende bis verhandlungssichere Deutsch- und Englischkenntnisse in Wort und Schrift<\/li>\n<li>Sichere Kenntnisse in MS-Office<\/li>\n<li>Selbstst\u00e4ndige, zuverl\u00e4ssige und serviceorientierte Arbeitsweise<\/li>\n<li>Hohes Ma\u00df an Engagement, Belastbarkeit und Flexibilit\u00e4t<\/li>\n<\/ul>\n<p><u>Aufgabenbeschreibung:<\/u><\/p>\n<ul>\n<li>Assistenz f\u00fcr 3 Partner und Team inklusive Terminkoordination, Reisemanagement, Pflege des Adressbuchs, Email Monitoring, Kalenderpflege<\/li>\n<li>Organisation von externen und internen Meetings und Events<\/li>\n<li>Schnittstelle zu externen Dienstleistern<\/li>\n<li>Bestellung von B\u00fcromaterialien<\/li>\n<li>Betreuung neuer Mitarbeiter inklusive Organisation der Einrichtung neuer Arbeitspl\u00e4tze und Management von Zugangsberechtigungen, IT Equipment, Emailkonten, Lizenzen, etc.<\/li>\n<\/ul>\n<p><u>Was Sie bei uns erwartet:<\/u><\/p>\n<ul>\n<li>Flache Hierarchien<\/li>\n<li>Flexible Strukturen und Gestaltungsfreiraum<\/li>\n<li>Vielseitiges Aufgabengebiet mit Erweiterungs-\/\u00c4nderungsm\u00f6glichkeit<\/li>\n<li>Moderner Arbeitsplatz in zentraler Lage Frankfurts<\/li>\n<li>Enge und vertrauensvolle Zusammenarbeit in einem dynamischen, hoch qualifizierten Team mit hands-on Mentalit\u00e4t<\/li>\n<li>Attraktive Verg\u00fctung je nach Berufserfahrung<\/li>\n<\/ul>\n<p><u>Kontakt:<\/u><\/p>\n<p><span style=\"font-size: 17px;\">Vanessa Hilgenfeldt (Office Manager), <\/span><span style=\"font-size: 17px;\"><a href=\"mailto:career@hhp-ib.com\">career@hhp-ib.com<\/a><\/span><span style=\"font-size: 17px;\">, +49 69 717 1989 0?<\/span><\/p>\n<p>[\/et_pb_accordion_item][\/et_pb_accordion][\/et_pb_column][\/et_pb_row][\/et_pb_section]<\/p>\n","protected":false},"excerpt":{"rendered":"<p>Erfahren, unabh\u00e4ngig, kompetentHerbst Hilgenfeldt Partners (HHP)HHP ist einer der f\u00fchrenden TMT Corporate Finance- und M&amp;A-Berater im deutschsprachigen Europa. Das Senior Team setzt sich ausschlie\u00dflich aus Mitgliedern zusammen, die zuvor in leitenden Funktionen bei f\u00fchrenden globalen Investmentbanken wie UBS, Jefferies, Credit Suisse und Rothschild gearbeitet haben. TMT ist das Herzst\u00fcck unseres Gesch\u00e4fts &#8211; und kein anderes [&hellip;]<\/p>\n","protected":false},"author":1,"featured_media":0,"parent":0,"menu_order":0,"comment_status":"closed","ping_status":"closed","template":"","meta":{"_et_pb_use_builder":"on","_et_pb_old_content":"","_et_gb_content_width":"","_monsterinsights_skip_tracking":false,"_monsterinsights_sitenote_active":false,"_monsterinsights_sitenote_note":"","_monsterinsights_sitenote_category":0,"footnotes":""},"class_list":["post-43430","page","type-page","status-publish","hentry"],"_links":{"self":[{"href":"https:\/\/www.hhp-ib.com\/de\/wp-json\/wp\/v2\/pages\/43430","targetHints":{"allow":["GET"]}}],"collection":[{"href":"https:\/\/www.hhp-ib.com\/de\/wp-json\/wp\/v2\/pages"}],"about":[{"href":"https:\/\/www.hhp-ib.com\/de\/wp-json\/wp\/v2\/types\/page"}],"author":[{"embeddable":true,"href":"https:\/\/www.hhp-ib.com\/de\/wp-json\/wp\/v2\/users\/1"}],"replies":[{"embeddable":true,"href":"https:\/\/www.hhp-ib.com\/de\/wp-json\/wp\/v2\/comments?post=43430"}],"version-history":[{"count":29,"href":"https:\/\/www.hhp-ib.com\/de\/wp-json\/wp\/v2\/pages\/43430\/revisions"}],"predecessor-version":[{"id":237852,"href":"https:\/\/www.hhp-ib.com\/de\/wp-json\/wp\/v2\/pages\/43430\/revisions\/237852"}],"wp:attachment":[{"href":"https:\/\/www.hhp-ib.com\/de\/wp-json\/wp\/v2\/media?parent=43430"}],"curies":[{"name":"wp","href":"https:\/\/api.w.org\/{rel}","templated":true}]}}