{"id":43511,"date":"2020-12-02T20:52:12","date_gmt":"2020-12-02T19:52:12","guid":{"rendered":"http:\/\/www.hhp-ib.com\/?page_id=43511"},"modified":"2023-06-12T13:52:09","modified_gmt":"2023-06-12T11:52:09","slug":"referenzen","status":"publish","type":"page","link":"https:\/\/www.hhp-ib.com\/de\/referenzen","title":{"rendered":"Referenzen"},"content":{"rendered":"<p>[et_pb_section fb_built=&#8220;1&#8243; admin_label=&#8220;Hero&#8220; _builder_version=&#8220;4.16&#8243; _module_preset=&#8220;default&#8220; background_color=&#8220;#efefef&#8220; custom_margin=&#8220;0px||0px||true|false&#8220; custom_padding=&#8220;0px||0px||true|false&#8220; global_colors_info=&#8220;{}&#8220;][et_pb_row _builder_version=&#8220;4.16&#8243; _module_preset=&#8220;default&#8220; background_enable_color=&#8220;off&#8220; background_image=&#8220;https:\/\/www.hhp-ib.com\/wp-content\/uploads\/2020\/12\/HHP_lift.jpg&#8220; width=&#8220;100%&#8220; max_width=&#8220;100%&#8220; min_height=&#8220;55vh&#8220; min_height_tablet=&#8220;35vh&#8220; min_height_phone=&#8220;25vh&#8220; min_height_last_edited=&#8220;on|phone&#8220; global_colors_info=&#8220;{}&#8220;][et_pb_column type=&#8220;4_4&#8243; _builder_version=&#8220;4.16&#8243; _module_preset=&#8220;default&#8220; global_colors_info=&#8220;{}&#8220;][et_pb_divider show_divider=&#8220;off&#8220; _builder_version=&#8220;4.16&#8243; _module_preset=&#8220;default&#8220; height=&#8220;700px&#8220; height_tablet=&#8220;&#8220; height_phone=&#8220;&#8220; height_last_edited=&#8220;on|desktop&#8220; global_colors_info=&#8220;{}&#8220;][\/et_pb_divider][\/et_pb_column][\/et_pb_row][\/et_pb_section][et_pb_section fb_built=&#8220;1&#8243; _builder_version=&#8220;4.16&#8243; _module_preset=&#8220;default&#8220; global_colors_info=&#8220;{}&#8220;][et_pb_row _builder_version=&#8220;4.16&#8243; _module_preset=&#8220;default&#8220; global_colors_info=&#8220;{}&#8220;][et_pb_column type=&#8220;4_4&#8243; _builder_version=&#8220;4.16&#8243; _module_preset=&#8220;default&#8220; global_colors_info=&#8220;{}&#8220;][et_pb_text _builder_version=&#8220;4.16&#8243; _module_preset=&#8220;default&#8220; text_font=&#8220;Raleway|||on|||||&#8220; text_text_color=&#8220;#7a7a7a&#8220; text_font_size=&#8220;13px&#8220; text_letter_spacing=&#8220;1px&#8220; custom_margin=&#8220;||13px||false|false&#8220; custom_margin_tablet=&#8220;||10px||false|false&#8220; custom_margin_phone=&#8220;&#8220; custom_margin_last_edited=&#8220;on|tablet&#8220; text_font_size_tablet=&#8220;12px&#8220; text_font_size_phone=&#8220;11px&#8220; global_colors_info=&#8220;{}&#8220;]<\/p>\n<p>BEST\u00c4NDIG, ANGESEHEN, ZUVERL\u00c4SSIG<\/p>\n<p>[\/et_pb_text][et_pb_text _builder_version=&#8220;4.21.0&#8243; _module_preset=&#8220;default&#8220; max_width_tablet=&#8220;65%&#8220; max_width_phone=&#8220;75%&#8220; hover_enabled=&#8220;0&#8243; header_font_size_tablet=&#8220;24px&#8220; global_colors_info=&#8220;{}&#8220; module_class=&#8220;head-start&#8220; sticky_enabled=&#8220;0&#8243;]<\/p>\n<h1>Unsere Kunden und Partner<\/h1>\n<p>[\/et_pb_text][et_pb_text _builder_version=&#8220;4.16&#8243; _module_preset=&#8220;default&#8220; global_colors_info=&#8220;{}&#8220;]<\/p>\n<p>Wir haben in den letzten Jahren mit ganz unterschiedlichen Gro\u00dfunternehmen und Finanzinvestoren zusammengearbeitet &#8211; und wir sprechen gerne dar\u00fcber. Unsere Kunden auch und geben dazu auch gerne Auskunft. Die Zahl unserer Folgemandate spricht f\u00fcr sich.<\/p>\n<p>Die Qualit\u00e4t unserer Arbeit basiert auf zwei Dingen: Erfahrung und Netzwerk. \u00dcber beides verf\u00fcgen wir reichlich, sind dabei v\u00f6llig frei von Interessenskonflikten und gew\u00e4hrleisten ein H\u00f6chstma\u00df an Vertraulichkeit.<\/p>\n<p>Hier ein Auswahl unserer Kunden und Partner:<\/p>\n<p>[\/et_pb_text][\/et_pb_column][\/et_pb_row][et_pb_row custom_padding_last_edited=&#8220;on|phone&#8220; _builder_version=&#8220;4.16&#8243; _module_preset=&#8220;default&#8220; custom_margin=&#8220;||160px||false|true&#8220; custom_margin_tablet=&#8220;&#8220; custom_margin_phone=&#8220;|45px|0px|45px|false|true&#8220; custom_margin_last_edited=&#8220;on|phone&#8220; custom_padding=&#8220;|||||true&#8220; custom_padding_tablet=&#8220;&#8220; custom_padding_phone=&#8220;||||false|true&#8220; global_colors_info=&#8220;{}&#8220;][et_pb_column type=&#8220;4_4&#8243; _builder_version=&#8220;4.16&#8243; _module_preset=&#8220;default&#8220; global_colors_info=&#8220;{}&#8220;][et_pb_filterable_portfolio fullwidth=&#8220;off&#8220; posts_number=&#8220;100&#8243; show_title=&#8220;off&#8220; show_categories=&#8220;off&#8220; show_pagination=&#8220;off&#8220; zoom_icon_color=&#8220;rgba(0,0,0,0)&#8220; hover_overlay_color=&#8220;rgba(0,0,0,0)&#8220; module_class=&#8220;no-url-portfolio&#8220; _builder_version=&#8220;4.19.5&#8243; _module_preset=&#8220;default&#8220; filter_font_size=&#8220;13px&#8220; caption_font_size=&#8220;12px&#8220; pagination_text_color=&#8220;#565656&#8243; pagination_font_size=&#8220;17px&#8220; pagination_line_height=&#8220;1em&#8220; background_color=&#8220;rgba(0,0,0,0)&#8220; width=&#8220;100%&#8220; custom_margin=&#8220;0px||0px||false|false&#8220; custom_padding=&#8220;0px||0px||true|true&#8220; border_color_all_image=&#8220;rgba(0,0,0,0)&#8220; box_shadow_style_image=&#8220;preset1&#8243; global_colors_info=&#8220;{}&#8220; pagination_font_size__hover_enabled=&#8220;on|desktop&#8220; pagination_text_color__hover_enabled=&#8220;on|desktop&#8220; filter_text_color__hover_enabled=&#8220;on|desktop&#8220; pagination_font_size__hover=&#8220;17px&#8220; pagination_text_color__hover=&#8220;#565656&#8243;][\/et_pb_filterable_portfolio][\/et_pb_column][\/et_pb_row][\/et_pb_section]<\/p>\n","protected":false},"excerpt":{"rendered":"<p>BEST\u00c4NDIG, ANGESEHEN, ZUVERL\u00c4SSIGUnsere Kunden und PartnerWir haben in den letzten Jahren mit ganz unterschiedlichen Gro\u00dfunternehmen und Finanzinvestoren zusammengearbeitet &#8211; und wir sprechen gerne dar\u00fcber. Unsere Kunden auch und geben dazu auch gerne Auskunft. Die Zahl unserer Folgemandate spricht f\u00fcr sich. Die Qualit\u00e4t unserer Arbeit basiert auf zwei Dingen: Erfahrung und Netzwerk. \u00dcber beides verf\u00fcgen wir [&hellip;]<\/p>\n","protected":false},"author":1,"featured_media":0,"parent":0,"menu_order":0,"comment_status":"closed","ping_status":"closed","template":"","meta":{"_et_pb_use_builder":"on","_et_pb_old_content":"","_et_gb_content_width":"","_monsterinsights_skip_tracking":false,"_monsterinsights_sitenote_active":false,"_monsterinsights_sitenote_note":"","_monsterinsights_sitenote_category":0,"footnotes":""},"class_list":["post-43511","page","type-page","status-publish","hentry"],"_links":{"self":[{"href":"https:\/\/www.hhp-ib.com\/de\/wp-json\/wp\/v2\/pages\/43511","targetHints":{"allow":["GET"]}}],"collection":[{"href":"https:\/\/www.hhp-ib.com\/de\/wp-json\/wp\/v2\/pages"}],"about":[{"href":"https:\/\/www.hhp-ib.com\/de\/wp-json\/wp\/v2\/types\/page"}],"author":[{"embeddable":true,"href":"https:\/\/www.hhp-ib.com\/de\/wp-json\/wp\/v2\/users\/1"}],"replies":[{"embeddable":true,"href":"https:\/\/www.hhp-ib.com\/de\/wp-json\/wp\/v2\/comments?post=43511"}],"version-history":[{"count":52,"href":"https:\/\/www.hhp-ib.com\/de\/wp-json\/wp\/v2\/pages\/43511\/revisions"}],"predecessor-version":[{"id":237847,"href":"https:\/\/www.hhp-ib.com\/de\/wp-json\/wp\/v2\/pages\/43511\/revisions\/237847"}],"wp:attachment":[{"href":"https:\/\/www.hhp-ib.com\/de\/wp-json\/wp\/v2\/media?parent=43511"}],"curies":[{"name":"wp","href":"https:\/\/api.w.org\/{rel}","templated":true}]}}