{"id":43774,"date":"2020-12-03T00:29:37","date_gmt":"2020-12-02T23:29:37","guid":{"rendered":"http:\/\/www.hhp-ib.com\/?page_id=43774"},"modified":"2023-06-12T13:46:05","modified_gmt":"2023-06-12T11:46:05","slug":"sektorfokus","status":"publish","type":"page","link":"https:\/\/www.hhp-ib.com\/de\/sektorfokus","title":{"rendered":"Sektorfokus"},"content":{"rendered":"<p>[et_pb_section fb_built=&#8220;1&#8243; admin_label=&#8220;Hero&#8220; _builder_version=&#8220;4.16&#8243; _module_preset=&#8220;default&#8220; background_color=&#8220;#efefef&#8220; custom_margin=&#8220;0px||0px||true|false&#8220; custom_padding=&#8220;0px||0px||true|false&#8220; global_colors_info=&#8220;{}&#8220;][et_pb_row _builder_version=&#8220;4.16&#8243; _module_preset=&#8220;default&#8220; background_enable_color=&#8220;off&#8220; background_image=&#8220;https:\/\/www.hhp-ib.com\/wp-content\/uploads\/2020\/12\/HHP_charts.jpg&#8220; width=&#8220;100%&#8220; max_width=&#8220;100%&#8220; min_height=&#8220;55vh&#8220; min_height_tablet=&#8220;35vh&#8220; min_height_phone=&#8220;25vh&#8220; min_height_last_edited=&#8220;on|phone&#8220; global_colors_info=&#8220;{}&#8220;][et_pb_column type=&#8220;4_4&#8243; _builder_version=&#8220;4.16&#8243; _module_preset=&#8220;default&#8220; global_colors_info=&#8220;{}&#8220;][et_pb_divider show_divider=&#8220;off&#8220; _builder_version=&#8220;4.16&#8243; _module_preset=&#8220;default&#8220; height=&#8220;700px&#8220; height_tablet=&#8220;&#8220; height_phone=&#8220;&#8220; height_last_edited=&#8220;on|desktop&#8220; global_colors_info=&#8220;{}&#8220;][\/et_pb_divider][\/et_pb_column][\/et_pb_row][\/et_pb_section][et_pb_section fb_built=&#8220;1&#8243; _builder_version=&#8220;4.16&#8243; _module_preset=&#8220;default&#8220; global_colors_info=&#8220;{}&#8220;][et_pb_row _builder_version=&#8220;4.16&#8243; _module_preset=&#8220;default&#8220; custom_padding=&#8220;||0px|||&#8220; global_colors_info=&#8220;{}&#8220;][et_pb_column type=&#8220;4_4&#8243; _builder_version=&#8220;4.16&#8243; _module_preset=&#8220;default&#8220; global_colors_info=&#8220;{}&#8220;][et_pb_text _builder_version=&#8220;4.21.0&#8243; _module_preset=&#8220;default&#8220; text_font=&#8220;Raleway|||on|||||&#8220; text_text_color=&#8220;#7a7a7a&#8220; text_font_size=&#8220;13px&#8220; text_letter_spacing=&#8220;1px&#8220; custom_margin=&#8220;||13px||false|false&#8220; custom_margin_tablet=&#8220;||10px||false|false&#8220; custom_margin_phone=&#8220;&#8220; custom_margin_last_edited=&#8220;on|tablet&#8220; text_font_size_tablet=&#8220;12px&#8220; text_font_size_phone=&#8220;11px&#8220; global_colors_info=&#8220;{}&#8220;]<\/p>\n<p>Global, routiniert, kredibel<\/p>\n<p>[\/et_pb_text][et_pb_text _builder_version=&#8220;4.21.0&#8243; _module_preset=&#8220;default&#8220; max_width_tablet=&#8220;65%&#8220; max_width_phone=&#8220;75%&#8220; hover_enabled=&#8220;0&#8243; header_font_size_tablet=&#8220;24px&#8220; global_colors_info=&#8220;{}&#8220; module_class=&#8220;head-start&#8220; sticky_enabled=&#8220;0&#8243;]<\/p>\n<h1>Der entscheidende Unterschied<\/h1>\n<p>[\/et_pb_text][et_pb_text _builder_version=&#8220;4.21.0&#8243; _module_preset=&#8220;default&#8220; custom_margin=&#8220;||17px|||&#8220; global_colors_info=&#8220;{}&#8220;]<span>Wenn Sie die wichtigen Entscheidungen &#8211; wie Positionierung, Zeitplan, Prozesstaktik, Auswahl der K\u00e4ufer f\u00fcr Due Diligence oder Endverhandlungen, komplexe Themen mit Management oder Miteigent\u00fcmer, etc. &#8211; im Laufe Ihrer Transaktion f\u00e4llen, werden Sie dies nur in einem kleinen diskreten Kreis besprechen. Sie wollen also einen Berater an Ihrer Seite haben, der sich intensiv mit Ihrer Situation befasst hat, Sektor- und breite Transaktionskenntnis aus eigener Erfahrung besitzt und ein Gesp\u00fcr f\u00fcr Menschen verschiedenster Art mitbringt. Und dabei in Ihrem Interesse handelt. Wir bringen genau diese Kombination aus langj\u00e4hriger Sektorerfahrung, globale und vielf\u00e4ltigste Transaktionserfahrung mit den sophistiziertesten Spielern im Markt und einem Verst\u00e4ndnis f\u00fcr Unternehmer und Wachstumsunternehmen. Die Zielsetzung f\u00fcr unsere Arbeit gibt nat\u00fcrlich der Kunde vor. Diese kann reichen von:<\/span>[\/et_pb_text][et_pb_text _builder_version=&#8220;4.21.0&#8243; _module_preset=&#8220;default&#8220; custom_margin=&#8220;||0px||false|false&#8220; custom_padding=&#8220;|||25px|false|false&#8220; global_colors_info=&#8220;{}&#8220;]<\/p>\n<ul>\n<li>Wertmaximierung bei einem Unternehmensverkauf, \u00fcber<span class=\"Apple-converted-space\">\u00a0<\/span><\/li>\n<li>Erzielung des h\u00f6chsten Synergiepotentials mit dem perfekten Partner bei einem Merger, bis zum<\/li>\n<li>Auffinden des besten Targets f\u00fcr eine regionale Erweiterung oder Diversifizierung der Produktpalette bei einer Akquisition.<\/li>\n<\/ul>\n<p>[\/et_pb_text][et_pb_text _builder_version=&#8220;4.21.0&#8243; _module_preset=&#8220;default&#8220; global_colors_info=&#8220;{}&#8220;]Dies wird von uns im Vorfeld einer Transaktion &#8211; nat\u00fcrlich immer im Dialog mit dem Kunden &#8211; zielgenau bestimmt und treffsicher erreicht.<\/p>\n<p>Um perfekte L\u00f6sungen zu finden, ist es essentiell, den Markt und die Marktakteure nicht nur fl\u00fcchtig zu kennen, sondern sie wirklich zu verstehen. Wir pflegen seit mehreren <span>Jahrzehnten<\/span> einen intensiven Austausch mit den Entscheidungstr\u00e4gern dieses spezialisierten TMT-Marktes weltweit. Aus diesem Grunde verf\u00fcgen wir \u00fcber ein un\u00fcbertroffenes Ma\u00df an globaler TMT-Erfahrung.<\/p>\n<p>Hier einige unserer <strong>globalen<\/strong>\u00a0<strong>Referenzen<\/strong>:[\/et_pb_text][\/et_pb_column][\/et_pb_row][et_pb_row _builder_version=&#8220;4.16&#8243; _module_preset=&#8220;default&#8220; background_color=&#8220;rgba(0,0,0,0)&#8220; custom_css_main_element=&#8220;worldcountrieshtml5map id=%220%22&#8243; global_colors_info=&#8220;{}&#8220;][et_pb_column type=&#8220;4_4&#8243; _builder_version=&#8220;4.16&#8243; _module_preset=&#8220;default&#8220; global_colors_info=&#8220;{}&#8220;][et_pb_text _builder_version=&#8220;4.21.0&#8243; _module_preset=&#8220;default&#8220; background_color=&#8220;rgba(0,0,0,0)&#8220; min_height=&#8220;241px&#8220; custom_margin=&#8220;||34px|||&#8220; custom_padding=&#8220;71px|||||&#8220; global_colors_info=&#8220;{}&#8220;]<\/p>\n<p><span class=\"worldcountriesHtml5MapBold\"> <!-- start Fla-shop.com HTML5 Map --> <div class='worldcountriesHtml5Mapbottom htmlMapResponsive' style='max-width:1024px; width: 100%'><div id='worldcountries-html5-map-map-container_0' class='worldcountriesHtml5MapContainer' data-map-variable='worldcountrieshtml5map_map_0'><\/div><div style='clear:both; height: 20px;'><\/div> <style> #worldcountries-html5-map-map-container_0 { } #worldcountries-html5-map-map-container_0 .fm-tooltip-name { color: #000000; font-size: 20px; } #worldcountries-html5-map-map-container_0 .fm-tooltip-comment { } #worldcountries-html5-map-map-container_0 .fm-tooltip-comment p { } @media only screen and (max-width: 480px) { #worldcountries-html5-map-map-container_0 { float: none; width: 100%; } } <\/style><script type=\"text\/javascript\"> jQuery(function(){ var hightlighted = null; worldcountrieshtml5map_map_0 = new FlaShopWorldMap(worldcountrieshtml5map_map_cfg_0); worldcountrieshtml5map_map_0.draw('worldcountries-html5-map-map-container_0'); worldcountrieshtml5map_map_0.on('mousein', function(ev, sid, map) { if (hightlighted && sid != hightlighted) { map.stateHighlightOut(hightlighted); hightlighted = null; } }); var html5map_onclick = function(ev, sid, map) { var cfg = worldcountrieshtml5map_map_cfg_0; var link = map.fetchStateAttr(sid, 'link'); var is_group = map.fetchStateAttr(sid, 'group'); var popup_id = map.fetchStateAttr(sid, 'popup-id'); var is_group_info = false; if (typeof cfg.map_data[sid] !== 'undefined') jQuery('#worldcountries-html5-map-selector_0').val(sid); else jQuery('#worldcountries-html5-map-selector_0').val(''); if (is_group==undefined) { if (sid.substr(0,1)=='p') { popup_id = map.fetchPointAttr(sid, 'popup_id'); link = map.fetchPointAttr(sid, 'link'); } } else if (typeof cfg.groups[is_group]['ignore_link'] == 'undefined' || ! cfg.groups[is_group].ignore_link) { link = cfg.groups[is_group].link; popup_id = cfg.groups[is_group]['popup_id']; is_group_info = true; } if (link=='#popup') { if (typeof SG_POPUP_DATA == \"object\") { if (popup_id in SG_POPUP_DATA) { SGPopup.prototype.showPopup(popup_id,false); } else { jQuery.ajax({ type: 'POST', url: 'https:\/\/www.hhp-ib.com\/index.php?map_id=0&worldcountrieshtml5map_get_popup', data: {popup_id:popup_id}, }).done(function(data) { jQuery('body').append(data); SGPopup.prototype.showPopup(popup_id,false); }); } } else if (typeof SGPBPopup == \"function\") { var popup = SGPBPopup.createPopupObjById(popup_id); popup.prepareOpen(); popup.open(); } return false; } if (link == '#info') { var id = is_group_info ? is_group : (sid.substr(0,1)=='p' ? sid : map.fetchStateAttr(sid, 'id')); jQuery('#worldcountries-html5-map-state-info_0').html('Lade...'); jQuery.ajax({ type: 'POST', url: (is_group_info ? 'https:\/\/www.hhp-ib.com\/index.php?map_id=0&worldcountrieshtml5map_get_group_info=' : 'https:\/\/www.hhp-ib.com\/index.php?map_id=0&worldcountrieshtml5map_get_state_info=') + id, success: function(data, textStatus, jqXHR){ jQuery('#worldcountries-html5-map-state-info_0').html(data); }, dataType: 'text' }); return false; } if (ev===null && link!='') { if (!jQuery('.html5dummilink').length) { jQuery('body').append('<a href=\"#\" class=\"html5dummilink\" style=\"display:none\"><\/a>'); } jQuery('.html5dummilink').attr('href',link).attr('target',(map.fetchStateAttr(sid, 'isNewWindow') ? '_blank' : '_self'))[0].click(); } }; worldcountrieshtml5map_map_0.on('click',html5map_onclick); }); <\/script><div id='worldcountries-html5-map-state-info_0' class='worldcountriesHtml5MapStateInfo'><\/div> <\/div> <div style='clear: both'><\/div> <!-- end HTML5 Map --> <\/span><\/p>\n<p>[\/et_pb_text][\/et_pb_column][\/et_pb_row][et_pb_row _builder_version=&#8220;4.16&#8243; _module_preset=&#8220;default&#8220; custom_margin=&#8220;||100px||false|false&#8220; custom_margin_tablet=&#8220;||50px||false|false&#8220; custom_margin_phone=&#8220;||0px||false|false&#8220; custom_margin_last_edited=&#8220;on|phone&#8220; global_colors_info=&#8220;{}&#8220;][et_pb_column type=&#8220;4_4&#8243; _builder_version=&#8220;4.16&#8243; _module_preset=&#8220;default&#8220; global_colors_info=&#8220;{}&#8220;][et_pb_text _builder_version=&#8220;4.16&#8243; _module_preset=&#8220;default&#8220; global_colors_info=&#8220;{}&#8220;]<\/p>\n<p>Unser globales Netzwerk erm\u00f6glicht es Ihnen, den perfekten Partner zu finden und somit Ihre Zielsetzung der Transaktion zu erreichen.\u00a0Wichtig ist hier nicht nur die Breite des Netzwerkes, sondern vor allem die Qualit\u00e4t und der Ton im Kontakt mit Partnern und K\u00e4ufern, den wir Dank unserer langen Erfahrung mit globalen Large Caps perfekt treffen.<\/p>\n<p>Die Ansprache von K\u00e4ufern oder Investoren selbst stellt allerdings nur einen Bruchteil des Mehrwertes eines Corporate Finance Beraters dar. Sonst w\u00fcrden Unternehmen wie Immobilien auf Internetportalen angeboten. Jedes Unternehmen ist einzigartig. Qualitative Themen wie Management, Technologie und Produkt sowie strategische Positionierung m\u00fcssen quantitativ in der Business Planung perfekt reflektiert und erg\u00e4nzt werden, um den maximalen Wert zu erzielen. Dazu kommt eine realistische Einsch\u00e4tzung der notwendigen Due Diligence und eine effiziente Vorbereitung darauf, um den Wert im Verlauf eines Prozesses zu bewahren oder sogar zu erh\u00f6hen. Dies sollte dann mit einer optimalen Auswahl der Interessenten sowie Prozessgestaltung und -management einhergehen, um den maximalen Wettbewerbsdruck zu erzeugen.<\/p>\n<p>Dies ist meistens ein langer und aufwendiger Weg, den Unternehmer und Gr\u00fcnder oft untersch\u00e4tzen und in dem sich die Qualit\u00e4t des Beraters zeigt. Unsere Erfahrungen in allen erdenklichen Transaktionssituationen erlauben uns, Sie optimal zu beraten, kreativ zu sein wo notwendig und bis zur Finalisierung der Transaktion immer einen Schritt voraus zu denken.<\/p>\n<p>Wie unsere Referenzen zeigen, liegt hier unser klarer Qualit\u00e4tsvorsprung.<\/p>\n<p>[\/et_pb_text][\/et_pb_column][\/et_pb_row][\/et_pb_section]<\/p>\n","protected":false},"excerpt":{"rendered":"<p>Global, routiniert, kredibelDer entscheidende UnterschiedWenn Sie die wichtigen Entscheidungen &#8211; wie Positionierung, Zeitplan, Prozesstaktik, Auswahl der K\u00e4ufer f\u00fcr Due Diligence oder Endverhandlungen, komplexe Themen mit Management oder Miteigent\u00fcmer, etc. &#8211; im Laufe Ihrer Transaktion f\u00e4llen, werden Sie dies nur in einem kleinen diskreten Kreis besprechen. Sie wollen also einen Berater an Ihrer Seite haben, der [&hellip;]<\/p>\n","protected":false},"author":4,"featured_media":0,"parent":0,"menu_order":0,"comment_status":"closed","ping_status":"closed","template":"","meta":{"_et_pb_use_builder":"on","_et_pb_old_content":"","_et_gb_content_width":"","_monsterinsights_skip_tracking":false,"_monsterinsights_sitenote_active":false,"_monsterinsights_sitenote_note":"","_monsterinsights_sitenote_category":0,"footnotes":""},"class_list":["post-43774","page","type-page","status-publish","hentry"],"_links":{"self":[{"href":"https:\/\/www.hhp-ib.com\/de\/wp-json\/wp\/v2\/pages\/43774","targetHints":{"allow":["GET"]}}],"collection":[{"href":"https:\/\/www.hhp-ib.com\/de\/wp-json\/wp\/v2\/pages"}],"about":[{"href":"https:\/\/www.hhp-ib.com\/de\/wp-json\/wp\/v2\/types\/page"}],"author":[{"embeddable":true,"href":"https:\/\/www.hhp-ib.com\/de\/wp-json\/wp\/v2\/users\/4"}],"replies":[{"embeddable":true,"href":"https:\/\/www.hhp-ib.com\/de\/wp-json\/wp\/v2\/comments?post=43774"}],"version-history":[{"count":59,"href":"https:\/\/www.hhp-ib.com\/de\/wp-json\/wp\/v2\/pages\/43774\/revisions"}],"predecessor-version":[{"id":237839,"href":"https:\/\/www.hhp-ib.com\/de\/wp-json\/wp\/v2\/pages\/43774\/revisions\/237839"}],"wp:attachment":[{"href":"https:\/\/www.hhp-ib.com\/de\/wp-json\/wp\/v2\/media?parent=43774"}],"curies":[{"name":"wp","href":"https:\/\/api.w.org\/{rel}","templated":true}]}}