{"id":43970,"date":"2020-12-03T15:32:06","date_gmt":"2020-12-03T14:32:06","guid":{"rendered":"http:\/\/www.hhp-ib.com\/?page_id=43970"},"modified":"2024-08-13T11:20:43","modified_gmt":"2024-08-13T09:20:43","slug":"team","status":"publish","type":"page","link":"https:\/\/www.hhp-ib.com\/de\/team","title":{"rendered":"Team"},"content":{"rendered":"<p>[et_pb_section fb_built=&#8220;1&#8243; _builder_version=&#8220;4.16&#8243; _module_preset=&#8220;default&#8220; global_colors_info=&#8220;{}&#8220;][et_pb_row _builder_version=&#8220;4.16&#8243; _module_preset=&#8220;default&#8220; collapsed=&#8220;off&#8220; global_colors_info=&#8220;{}&#8220;][et_pb_column type=&#8220;4_4&#8243; _builder_version=&#8220;4.16&#8243; _module_preset=&#8220;default&#8220; global_colors_info=&#8220;{}&#8220;][et_pb_text _builder_version=&#8220;4.16&#8243; _module_preset=&#8220;default&#8220; text_font=&#8220;Raleway|||on|||||&#8220; text_text_color=&#8220;#7a7a7a&#8220; text_font_size=&#8220;13px&#8220; text_letter_spacing=&#8220;1px&#8220; custom_margin=&#8220;||13px||false|false&#8220; custom_margin_tablet=&#8220;||10px||false|false&#8220; custom_margin_phone=&#8220;&#8220; custom_margin_last_edited=&#8220;on|tablet&#8220; text_font_size_tablet=&#8220;12px&#8220; text_font_size_phone=&#8220;11px&#8220; global_colors_info=&#8220;{}&#8220;]<\/p>\n<p>sachlich, entschlossen, aufmerksam<\/p>\n<p>[\/et_pb_text][et_pb_text module_class=&#8220;head-start&#8220; _builder_version=&#8220;4.21.0&#8243; _module_preset=&#8220;default&#8220; max_width_tablet=&#8220;65%&#8220; max_width_phone=&#8220;75%&#8220; header_font_size_tablet=&#8220;24px&#8220; global_colors_info=&#8220;{}&#8220;]<\/p>\n<h1>HHP &#8211; das sind wir<\/h1>\n<p>[\/et_pb_text][et_pb_text _builder_version=&#8220;4.19.5&#8243; _module_preset=&#8220;default&#8220; custom_margin=&#8220;||11px|||&#8220; global_colors_info=&#8220;{}&#8220;]<\/p>\n<p>Wir sind ein starkes Team aus erfahrenen, fachkundigen, hoch angesehenen und au\u00dferordentlich motivierten Corporate Finance Beratern, die bereit sind, f\u00fcr Sie unerm\u00fcdlich an der Erf\u00fcllung Ihrer erfolgreichen Transaktion zu arbeiten.<\/p>\n<p>Wir bieten:<\/p>\n<p>[\/et_pb_text][et_pb_text _builder_version=&#8220;4.19.5&#8243; _module_preset=&#8220;default&#8220; custom_margin=&#8220;||0px||false|false&#8220; custom_margin_tablet=&#8220;&#8220; custom_margin_phone=&#8220;&#8220; custom_margin_last_edited=&#8220;on|phone&#8220; custom_padding=&#8220;|||25px|false|false&#8220; global_colors_info=&#8220;{}&#8220;]<\/p>\n<ul>\n<li>Mehr als 75 Jahre Erfahrung<\/li>\n<li>Gesamttransaktionsvolumen von \u00fcber 250 Milliarden Euro<\/li>\n<li>Spezialisierung auf den TMT-Markt<\/li>\n<li>Einzigartiger Zugang zu und Kredibilit\u00e4t bei allen Marktakteuren und Entscheidungstr\u00e4gern<\/li>\n<li>B\u00fcros in Frankfurt und London<\/li>\n<\/ul>\n<p>[\/et_pb_text][et_pb_text _builder_version=&#8220;4.16&#8243; _module_preset=&#8220;default&#8220; global_colors_info=&#8220;{}&#8220;]<\/p>\n<p>\u00dcber unsere B\u00fcros in Frankfurt und London haben wir Zugang zu allen relevanten Entscheidungstr\u00e4gern in Europa und der Welt. Unsere globale Reichweite kann, bei Bedarf, durch existierende Affiliate-Beziehungen mit gleichgesinnten Corporate Finance Boutiquen in den USA und Asien erg\u00e4nzt werden. <\/p>\n<p>[\/et_pb_text][\/et_pb_column][\/et_pb_row][et_pb_row column_structure=&#8220;1_3,1_3,1_3&#8243; use_custom_gutter=&#8220;on&#8220; gutter_width=&#8220;2&#8243; _builder_version=&#8220;4.19.5&#8243; _module_preset=&#8220;default&#8220; global_colors_info=&#8220;{}&#8220;][et_pb_column type=&#8220;1_3&#8243; _builder_version=&#8220;4.19.5&#8243; _module_preset=&#8220;default&#8220; global_colors_info=&#8220;{}&#8220;][et_pb_blurb title=&#8220;Michael Herbst&#8220; image=&#8220;http:\/\/www.hhp-ib.com\/wp-content\/uploads\/2020\/12\/HHP-736_.jpg&#8220; alt=&#8220;Michael Herbst&#8220; _builder_version=&#8220;4.16&#8243; _dynamic_attributes=&#8220;link_option_url&#8220; _module_preset=&#8220;default&#8220; header_level=&#8220;h2&#8243; header_font=&#8220;|||on|||||&#8220; header_font_size=&#8220;16px&#8220; body_font_size=&#8220;13px&#8220; body_line_height=&#8220;1em&#8220; min_height_tablet=&#8220;&#8220; min_height_phone=&#8220;&#8220; min_height_last_edited=&#8220;on|desktop&#8220; height=&#8220;320px&#8220; height_tablet=&#8220;502px&#8220; height_phone=&#8220;329px&#8220; height_last_edited=&#8220;on|desktop&#8220; custom_padding=&#8220;23px|20px|23px|20px|true|true&#8220; custom_padding_tablet=&#8220;&#8220; custom_padding_phone=&#8220;&#8220; custom_padding_last_edited=&#8220;on|phone&#8220; link_option_url=&#8220;@ET-DC@eyJkeW5hbWljIjp0cnVlLCJjb250ZW50IjoicG9zdF9saW5rX3VybF9wYWdlIiwic2V0dGluZ3MiOnsicG9zdF9pZCI6IjQzOTk1In19@&#8220; header_font_size_tablet=&#8220;&#8220; header_font_size_phone=&#8220;&#8220; header_font_size_last_edited=&#8220;on|desktop&#8220; body_font_size_tablet=&#8220;&#8220; body_font_size_phone=&#8220;13px&#8220; body_font_size_last_edited=&#8220;on|desktop&#8220; box_shadow_style=&#8220;preset1&#8243; box_shadow_blur=&#8220;14px&#8220; box_shadow_spread=&#8220;4px&#8220; global_colors_info=&#8220;{}&#8220;]<\/p>\n<p>Gr\u00fcnder und Managing Partner (London) \u00a0\u00a0 <\/p>\n<p>[\/et_pb_blurb][\/et_pb_column][et_pb_column type=&#8220;1_3&#8243; _builder_version=&#8220;4.19.5&#8243; _module_preset=&#8220;default&#8220; global_colors_info=&#8220;{}&#8220;][et_pb_blurb title=&#8220;Marc-Olaf Hilgenfeldt&#8220; image=&#8220;http:\/\/www.hhp-ib.com\/wp-content\/uploads\/2020\/12\/HHP_Black_0631-2_-4.jpg&#8220; alt=&#8220;Marc-Olaf Hilgenfeldt&#8220; _builder_version=&#8220;4.16&#8243; _dynamic_attributes=&#8220;link_option_url&#8220; _module_preset=&#8220;default&#8220; header_level=&#8220;h2&#8243; header_font=&#8220;|||on|||||&#8220; header_font_size=&#8220;16px&#8220; body_font_size=&#8220;13px&#8220; body_line_height=&#8220;1em&#8220; min_height_tablet=&#8220;&#8220; min_height_phone=&#8220;&#8220; min_height_last_edited=&#8220;on|desktop&#8220; height=&#8220;320px&#8220; height_tablet=&#8220;502px&#8220; height_phone=&#8220;329px&#8220; height_last_edited=&#8220;on|desktop&#8220; custom_padding=&#8220;23px|20px|23px|20px|true|true&#8220; custom_padding_tablet=&#8220;&#8220; custom_padding_phone=&#8220;&#8220; custom_padding_last_edited=&#8220;on|phone&#8220; link_option_url=&#8220;@ET-DC@eyJkeW5hbWljIjp0cnVlLCJjb250ZW50IjoicG9zdF9saW5rX3VybF9wYWdlIiwic2V0dGluZ3MiOnsicG9zdF9pZCI6IjQ0MDAxIn19@&#8220; header_font_size_tablet=&#8220;&#8220; header_font_size_phone=&#8220;&#8220; header_font_size_last_edited=&#8220;on|desktop&#8220; body_font_size_tablet=&#8220;&#8220; body_font_size_phone=&#8220;13px&#8220; body_font_size_last_edited=&#8220;on|desktop&#8220; box_shadow_style=&#8220;preset1&#8243; box_shadow_blur=&#8220;14px&#8220; box_shadow_spread=&#8220;4px&#8220; global_colors_info=&#8220;{}&#8220;]<\/p>\n<p>Gr\u00fcnder und Managing Partner (Frankfurt)<\/p>\n<p>[\/et_pb_blurb][\/et_pb_column][et_pb_column type=&#8220;1_3&#8243; _builder_version=&#8220;4.19.5&#8243; _module_preset=&#8220;default&#8220; global_colors_info=&#8220;{}&#8220;][et_pb_blurb title=&#8220;Alexander Hofmann&#8220; image=&#8220;https:\/\/www.hhp-ib.com\/wp-content\/uploads\/2022\/02\/ASC08275.jpg&#8220; alt=&#8220;Alexander Hofmann&#8220; _builder_version=&#8220;4.19.5&#8243; _dynamic_attributes=&#8220;link_option_url&#8220; _module_preset=&#8220;default&#8220; header_level=&#8220;h2&#8243; header_font=&#8220;|||on|||||&#8220; header_font_size=&#8220;16px&#8220; body_font_size=&#8220;13px&#8220; body_line_height=&#8220;1em&#8220; min_height_tablet=&#8220;&#8220; min_height_phone=&#8220;&#8220; min_height_last_edited=&#8220;on|desktop&#8220; height=&#8220;320px&#8220; height_tablet=&#8220;420px&#8220; height_phone=&#8220;329px&#8220; height_last_edited=&#8220;on|phone&#8220; custom_padding=&#8220;23px|20px|23px|20px|true|true&#8220; custom_padding_tablet=&#8220;&#8220; custom_padding_phone=&#8220;&#8220; custom_padding_last_edited=&#8220;on|phone&#8220; link_option_url=&#8220;@ET-DC@eyJkeW5hbWljIjp0cnVlLCJjb250ZW50IjoicG9zdF9saW5rX3VybF9wYWdlIiwic2V0dGluZ3MiOnsicG9zdF9pZCI6IjIzNjE2MCJ9fQ==@&#8220; header_font_size_tablet=&#8220;&#8220; header_font_size_phone=&#8220;&#8220; header_font_size_last_edited=&#8220;on|desktop&#8220; body_font_size_tablet=&#8220;&#8220; body_font_size_phone=&#8220;13px&#8220; body_font_size_last_edited=&#8220;on|desktop&#8220; box_shadow_style=&#8220;preset1&#8243; box_shadow_blur=&#8220;14px&#8220; box_shadow_spread=&#8220;4px&#8220; locked=&#8220;off&#8220; global_colors_info=&#8220;{}&#8220;]<\/p>\n<p>Managing Partner<\/p>\n<p>[\/et_pb_blurb][\/et_pb_column][\/et_pb_row][et_pb_row column_structure=&#8220;1_3,1_3,1_3&#8243; use_custom_gutter=&#8220;on&#8220; gutter_width=&#8220;2&#8243; _builder_version=&#8220;4.19.5&#8243; _module_preset=&#8220;default&#8220; custom_margin_tablet=&#8220;&#8220; custom_margin_phone=&#8220;&#8220; custom_margin_last_edited=&#8220;on|phone&#8220; filter_hue_rotate_tablet=&#8220;&#8220; filter_hue_rotate_phone=&#8220;&#8220; filter_hue_rotate_last_edited=&#8220;on|phone&#8220; filter_invert_tablet=&#8220;&#8220; filter_invert_phone=&#8220;&#8220; filter_invert_last_edited=&#8220;on|phone&#8220; filter_opacity_tablet=&#8220;&#8220; filter_opacity_phone=&#8220;100%&#8220; filter_opacity_last_edited=&#8220;on|phone&#8220; border_radii_tablet=&#8220;&#8220; border_radii_phone=&#8220;&#8220; border_radii_last_edited=&#8220;on|phone&#8220; global_colors_info=&#8220;{}&#8220;][et_pb_column type=&#8220;1_3&#8243; _builder_version=&#8220;4.19.5&#8243; _module_preset=&#8220;default&#8220; global_colors_info=&#8220;{}&#8220;][et_pb_blurb title=&#8220;Julian Feulner&#8220; image=&#8220;http:\/\/www.hhp-ib.com\/wp-content\/uploads\/2020\/12\/HHP_Black_BG_left_III-3_-7.jpg&#8220; alt=&#8220;Julian Feulner&#8220; _builder_version=&#8220;4.19.5&#8243; _dynamic_attributes=&#8220;link_option_url&#8220; _module_preset=&#8220;default&#8220; header_level=&#8220;h2&#8243; header_font=&#8220;|||on|||||&#8220; header_font_size=&#8220;16px&#8220; body_font_size=&#8220;13px&#8220; body_line_height=&#8220;1em&#8220; min_height_tablet=&#8220;&#8220; min_height_phone=&#8220;&#8220; min_height_last_edited=&#8220;on|desktop&#8220; height=&#8220;320px&#8220; height_tablet=&#8220;502px&#8220; height_phone=&#8220;329px&#8220; height_last_edited=&#8220;on|desktop&#8220; custom_padding=&#8220;23px|20px|23px|20px|true|true&#8220; custom_padding_tablet=&#8220;&#8220; custom_padding_phone=&#8220;&#8220; custom_padding_last_edited=&#8220;on|phone&#8220; link_option_url=&#8220;@ET-DC@eyJkeW5hbWljIjp0cnVlLCJjb250ZW50IjoicG9zdF9saW5rX3VybF9wYWdlIiwic2V0dGluZ3MiOnsicG9zdF9pZCI6IjQzNDEzIn19@&#8220; header_font_size_tablet=&#8220;&#8220; header_font_size_phone=&#8220;&#8220; header_font_size_last_edited=&#8220;on|desktop&#8220; body_font_size_tablet=&#8220;&#8220; body_font_size_phone=&#8220;13px&#8220; body_font_size_last_edited=&#8220;on|desktop&#8220; box_shadow_style=&#8220;preset1&#8243; box_shadow_blur=&#8220;14px&#8220; box_shadow_spread=&#8220;4px&#8220; global_colors_info=&#8220;{}&#8220;]<\/p>\n<p>Director<\/p>\n<p>[\/et_pb_blurb][\/et_pb_column][et_pb_column type=&#8220;1_3&#8243; _builder_version=&#8220;4.19.5&#8243; _module_preset=&#8220;default&#8220; global_colors_info=&#8220;{}&#8220;][et_pb_blurb title=&#8220;Thies Arndt&#8220; image=&#8220;https:\/\/www.hhp-ib.com\/wp-content\/uploads\/2022\/02\/ASC08550.jpg&#8220; alt=&#8220;Thies Arndt&#8220; _builder_version=&#8220;4.19.5&#8243; _dynamic_attributes=&#8220;link_option_url&#8220; _module_preset=&#8220;default&#8220; header_level=&#8220;h2&#8243; header_font=&#8220;|||on|||||&#8220; header_font_size=&#8220;16px&#8220; body_font_size=&#8220;13px&#8220; body_line_height=&#8220;1em&#8220; min_height_tablet=&#8220;&#8220; min_height_phone=&#8220;&#8220; min_height_last_edited=&#8220;on|desktop&#8220; height=&#8220;320px&#8220; height_tablet=&#8220;502px&#8220; height_phone=&#8220;329px&#8220; height_last_edited=&#8220;on|desktop&#8220; custom_padding=&#8220;23px|20px|23px|20px|true|true&#8220; custom_padding_tablet=&#8220;&#8220; custom_padding_phone=&#8220;&#8220; custom_padding_last_edited=&#8220;on|phone&#8220; link_option_url=&#8220;@ET-DC@eyJkeW5hbWljIjp0cnVlLCJjb250ZW50IjoicG9zdF9saW5rX3VybF9wYWdlIiwic2V0dGluZ3MiOnsicG9zdF9pZCI6IjIzNTkyMiJ9fQ==@&#8220; header_font_size_tablet=&#8220;&#8220; header_font_size_phone=&#8220;&#8220; header_font_size_last_edited=&#8220;on|desktop&#8220; body_font_size_tablet=&#8220;&#8220; body_font_size_phone=&#8220;13px&#8220; body_font_size_last_edited=&#8220;on|desktop&#8220; box_shadow_style=&#8220;preset1&#8243; box_shadow_blur=&#8220;14px&#8220; box_shadow_spread=&#8220;4px&#8220; global_colors_info=&#8220;{}&#8220;]<\/p>\n<p>Associate Director<\/p>\n<p>[\/et_pb_blurb][\/et_pb_column][et_pb_column type=&#8220;1_3&#8243; _builder_version=&#8220;4.19.5&#8243; _module_preset=&#8220;default&#8220; global_colors_info=&#8220;{}&#8220;][et_pb_blurb title=&#8220;Vanessa Hilgenfeldt&#8220; image=&#8220;http:\/\/www.hhp-ib.com\/wp-content\/uploads\/2020\/12\/HHP_Black_VH_.jpg&#8220; alt=&#8220;Vanessa Hilgenfeldt&#8220; _builder_version=&#8220;4.19.5&#8243; _dynamic_attributes=&#8220;link_option_url&#8220; _module_preset=&#8220;default&#8220; header_level=&#8220;h2&#8243; header_font=&#8220;|||on|||||&#8220; header_font_size=&#8220;16px&#8220; body_font_size=&#8220;13px&#8220; body_line_height=&#8220;1em&#8220; min_height_tablet=&#8220;&#8220; min_height_phone=&#8220;&#8220; min_height_last_edited=&#8220;on|desktop&#8220; height=&#8220;320px&#8220; height_tablet=&#8220;502px&#8220; height_phone=&#8220;329px&#8220; height_last_edited=&#8220;on|desktop&#8220; custom_padding=&#8220;23px|20px|23px|20px|true|true&#8220; custom_padding_tablet=&#8220;&#8220; custom_padding_phone=&#8220;&#8220; custom_padding_last_edited=&#8220;on|phone&#8220; link_option_url=&#8220;@ET-DC@eyJkeW5hbWljIjp0cnVlLCJjb250ZW50IjoicG9zdF9saW5rX3VybF9wYWdlIiwic2V0dGluZ3MiOnsicG9zdF9pZCI6IjQ0MDIyIn19@&#8220; header_font_size_tablet=&#8220;&#8220; header_font_size_phone=&#8220;&#8220; header_font_size_last_edited=&#8220;on|desktop&#8220; body_font_size_tablet=&#8220;&#8220; body_font_size_phone=&#8220;13px&#8220; body_font_size_last_edited=&#8220;on|desktop&#8220; box_shadow_style=&#8220;preset1&#8243; box_shadow_blur=&#8220;14px&#8220; box_shadow_spread=&#8220;4px&#8220; global_colors_info=&#8220;{}&#8220;]<\/p>\n<p>Office Manager<\/p>\n<p>[\/et_pb_blurb][\/et_pb_column][\/et_pb_row][et_pb_row column_structure=&#8220;1_3,1_3,1_3&#8243; use_custom_gutter=&#8220;on&#8220; gutter_width=&#8220;2&#8243; _builder_version=&#8220;4.19.5&#8243; _module_preset=&#8220;default&#8220; global_colors_info=&#8220;{}&#8220;][et_pb_column type=&#8220;1_3&#8243; _builder_version=&#8220;4.19.5&#8243; _module_preset=&#8220;default&#8220; global_colors_info=&#8220;{}&#8220;][\/et_pb_column][et_pb_column type=&#8220;1_3&#8243; _builder_version=&#8220;4.19.5&#8243; _module_preset=&#8220;default&#8220; global_colors_info=&#8220;{}&#8220;][\/et_pb_column][et_pb_column type=&#8220;1_3&#8243; _builder_version=&#8220;4.19.5&#8243; _module_preset=&#8220;default&#8220; global_colors_info=&#8220;{}&#8220;][\/et_pb_column][\/et_pb_row][\/et_pb_section]<\/p>\n","protected":false},"excerpt":{"rendered":"<p>sachlich, entschlossen, aufmerksamHHP &#8211; das sind wirWir sind ein starkes Team aus erfahrenen, fachkundigen, hoch angesehenen und au\u00dferordentlich motivierten Corporate Finance Beratern, die bereit sind, f\u00fcr Sie unerm\u00fcdlich an der Erf\u00fcllung Ihrer erfolgreichen Transaktion zu arbeiten. Wir bieten: Mehr als 75 Jahre Erfahrung Gesamttransaktionsvolumen von \u00fcber 250 Milliarden Euro Spezialisierung auf den TMT-Markt Einzigartiger Zugang [&hellip;]<\/p>\n","protected":false},"author":4,"featured_media":0,"parent":0,"menu_order":0,"comment_status":"closed","ping_status":"closed","template":"","meta":{"_et_pb_use_builder":"on","_et_pb_old_content":"","_et_gb_content_width":"","_monsterinsights_skip_tracking":false,"_monsterinsights_sitenote_active":false,"_monsterinsights_sitenote_note":"","_monsterinsights_sitenote_category":0,"footnotes":""},"class_list":["post-43970","page","type-page","status-publish","hentry"],"_links":{"self":[{"href":"https:\/\/www.hhp-ib.com\/de\/wp-json\/wp\/v2\/pages\/43970","targetHints":{"allow":["GET"]}}],"collection":[{"href":"https:\/\/www.hhp-ib.com\/de\/wp-json\/wp\/v2\/pages"}],"about":[{"href":"https:\/\/www.hhp-ib.com\/de\/wp-json\/wp\/v2\/types\/page"}],"author":[{"embeddable":true,"href":"https:\/\/www.hhp-ib.com\/de\/wp-json\/wp\/v2\/users\/4"}],"replies":[{"embeddable":true,"href":"https:\/\/www.hhp-ib.com\/de\/wp-json\/wp\/v2\/comments?post=43970"}],"version-history":[{"count":57,"href":"https:\/\/www.hhp-ib.com\/de\/wp-json\/wp\/v2\/pages\/43970\/revisions"}],"predecessor-version":[{"id":238156,"href":"https:\/\/www.hhp-ib.com\/de\/wp-json\/wp\/v2\/pages\/43970\/revisions\/238156"}],"wp:attachment":[{"href":"https:\/\/www.hhp-ib.com\/de\/wp-json\/wp\/v2\/media?parent=43970"}],"curies":[{"name":"wp","href":"https:\/\/api.w.org\/{rel}","templated":true}]}}