{"id":44001,"date":"2020-12-03T16:45:38","date_gmt":"2020-12-03T15:45:38","guid":{"rendered":"http:\/\/www.hhp-ib.com\/?page_id=44001"},"modified":"2024-08-13T11:17:20","modified_gmt":"2024-08-13T09:17:20","slug":"marc-olaf-hilgenfeldt","status":"publish","type":"page","link":"https:\/\/www.hhp-ib.com\/de\/marc-olaf-hilgenfeldt","title":{"rendered":"Marc-Olaf Hilgenfeldt"},"content":{"rendered":"<p>[et_pb_section fb_built=&#8220;1&#8243; fullwidth=&#8220;on&#8220; _builder_version=&#8220;4.16&#8243; _module_preset=&#8220;default&#8220; custom_margin=&#8220;0px||0px||false|false&#8220; custom_padding=&#8220;0px||0px||false|false&#8220; global_colors_info=&#8220;{}&#8220;][et_pb_fullwidth_slider _builder_version=&#8220;4.16&#8243; _module_preset=&#8220;default&#8220; background_enable_image=&#8220;off&#8220; min_height=&#8220;90vh&#8220; min_height_tablet=&#8220;35vh&#8220; min_height_phone=&#8220;26vh&#8220; min_height_last_edited=&#8220;on|phone&#8220; custom_padding=&#8220;||||false|false&#8220; header_font_size_tablet=&#8220;&#8220; header_font_size_phone=&#8220;&#8220; header_font_size_last_edited=&#8220;on|desktop&#8220; header_text_shadow_style=&#8220;preset2&#8243; header_text_shadow_horizontal_length=&#8220;0.03em&#8220; header_text_shadow_vertical_length=&#8220;0.05em&#8220; header_text_shadow_blur_strength=&#8220;0em&#8220; body_text_shadow_style=&#8220;preset2&#8243; global_colors_info=&#8220;{}&#8220;][et_pb_slide heading=&#8220;Marc-Olaf Hilgenfeldt&#8220; use_bg_overlay=&#8220;off&#8220; use_text_overlay=&#8220;on&#8220; text_overlay_color=&#8220;rgba(0,0,0,0)&#8220; text_border_radius=&#8220;0px&#8220; _builder_version=&#8220;4.16&#8243; _module_preset=&#8220;default&#8220; header_level=&#8220;h1&#8243; header_font=&#8220;Raleway|||on|||||&#8220; header_font_size=&#8220;56px&#8220; header_letter_spacing=&#8220;2px&#8220; body_line_height=&#8220;1em&#8220; background_enable_color=&#8220;off&#8220; background_image=&#8220;http:\/\/www.hhp-ib.com\/wp-content\/uploads\/2020\/12\/HHP_Black_Marc-Olaf-Hilgenfeldt0A.jpg&#8220; background_enable_image=&#8220;on&#8220; background_position=&#8220;top_center&#8220; custom_padding=&#8220;||||false|false&#8220; header_font_size_tablet=&#8220;44px&#8220; header_font_size_phone=&#8220;26px&#8220; header_font_size_last_edited=&#8220;on|phone&#8220; body_font_size_tablet=&#8220;15px&#8220; body_font_size_phone=&#8220;14px&#8220; body_font_size_last_edited=&#8220;on|desktop&#8220; global_colors_info=&#8220;{}&#8220; sticky_transition=&#8220;on&#8220;]<\/p>\n<p>Gr\u00fcnder und Managing Partner<\/p>\n<p>Frankfurt am Main<\/p>\n<p>[\/et_pb_slide][\/et_pb_fullwidth_slider][\/et_pb_section][et_pb_section fb_built=&#8220;1&#8243; _builder_version=&#8220;4.16&#8243; _module_preset=&#8220;default&#8220; global_colors_info=&#8220;{}&#8220;][et_pb_row _builder_version=&#8220;4.16&#8243; _module_preset=&#8220;default&#8220; global_colors_info=&#8220;{}&#8220;][et_pb_column type=&#8220;4_4&#8243; _builder_version=&#8220;4.16&#8243; _module_preset=&#8220;default&#8220; global_colors_info=&#8220;{}&#8220;][et_pb_text _builder_version=&#8220;4.16&#8243; _module_preset=&#8220;default&#8220; global_colors_info=&#8220;{}&#8220;]<\/p>\n<p>Mehr als 15 Jahre Erfahrung im Investmentbanking mit besonderem Schwerpunkt auf dem europ\u00e4ischen TMT-Markt bringt Marc-Olaf, einer der beiden HHP-Gr\u00fcnder, mit. Er leitete die TMT-Aktivit\u00e4ten von Jefferies International im deutschsprachigen Raum und war Teil des EMEA-TMT-Teams bei der UBS Investment Bank in London. Er startete seine Karriere bei Kuna &amp; Co (jetzt Teil von Evercore).<\/p>\n<p>Ausbildung: Marc-Olaf besitzt ein Diplom der Betriebswirtschaftslehre der European Business School (EBS), Deutschland sowie einen MBA der Georgia State University, USA. Er spricht Deutsch (Muttersprache) und Englisch (verhandlungssicher).<\/p>\n<p>[\/et_pb_text][\/et_pb_column][\/et_pb_row][et_pb_row column_structure=&#8220;1_3,1_3,1_3&#8243; use_custom_gutter=&#8220;on&#8220; gutter_width=&#8220;2&#8243; custom_padding_last_edited=&#8220;on|phone&#8220; _builder_version=&#8220;4.19.5&#8243; _module_preset=&#8220;default&#8220; custom_margin=&#8220;||0px||false|false&#8220; custom_margin_tablet=&#8220;||50px||false|false&#8220; custom_margin_phone=&#8220;||0px||false|false&#8220; custom_margin_last_edited=&#8220;on|desktop&#8220; custom_padding=&#8220;||44px||false|false&#8220; custom_padding_tablet=&#8220;||27px||false|false&#8220; custom_padding_phone=&#8220;||27px||false|false&#8220; global_colors_info=&#8220;{}&#8220;][et_pb_column type=&#8220;1_3&#8243; _builder_version=&#8220;4.16&#8243; _module_preset=&#8220;default&#8220; global_colors_info=&#8220;{}&#8220;][et_pb_blurb title=&#8220;Michael Herbst&#8220; image=&#8220;http:\/\/www.hhp-ib.com\/wp-content\/uploads\/2020\/12\/HHP-736_.jpg&#8220; alt=&#8220;Michael Herbst&#8220; _builder_version=&#8220;4.16&#8243; _dynamic_attributes=&#8220;link_option_url&#8220; _module_preset=&#8220;default&#8220; header_level=&#8220;h2&#8243; header_font=&#8220;|||on|||||&#8220; header_font_size=&#8220;16px&#8220; body_font_size=&#8220;13px&#8220; body_line_height=&#8220;1em&#8220; min_height_tablet=&#8220;&#8220; min_height_phone=&#8220;&#8220; min_height_last_edited=&#8220;on|desktop&#8220; height=&#8220;320px&#8220; height_tablet=&#8220;420px&#8220; height_phone=&#8220;280px&#8220; height_last_edited=&#8220;on|phone&#8220; custom_padding=&#8220;23px|20px|23px|20px|true|true&#8220; custom_padding_tablet=&#8220;&#8220; custom_padding_phone=&#8220;&#8220; custom_padding_last_edited=&#8220;on|phone&#8220; link_option_url=&#8220;@ET-DC@eyJkeW5hbWljIjp0cnVlLCJjb250ZW50IjoicG9zdF9saW5rX3VybF9wYWdlIiwic2V0dGluZ3MiOnsicG9zdF9pZCI6IjQzOTk1In19@&#8220; header_font_size_tablet=&#8220;&#8220; header_font_size_phone=&#8220;&#8220; header_font_size_last_edited=&#8220;on|desktop&#8220; body_font_size_tablet=&#8220;&#8220; body_font_size_phone=&#8220;13px&#8220; body_font_size_last_edited=&#8220;on|desktop&#8220; box_shadow_style=&#8220;preset1&#8243; box_shadow_blur=&#8220;14px&#8220; box_shadow_spread=&#8220;4px&#8220; global_colors_info=&#8220;{}&#8220;]<\/p>\n<p>Gr\u00fcnder und Managing Partner<\/p>\n<p>[\/et_pb_blurb][\/et_pb_column][et_pb_column type=&#8220;1_3&#8243; _builder_version=&#8220;4.16&#8243; _module_preset=&#8220;default&#8220; global_colors_info=&#8220;{}&#8220;][et_pb_blurb title=&#8220;Alexander Hofmann&#8220; image=&#8220;https:\/\/www.hhp-ib.com\/wp-content\/uploads\/2022\/02\/ASC08275.jpg&#8220; alt=&#8220;Alexander Hofmann&#8220; _builder_version=&#8220;4.19.5&#8243; _dynamic_attributes=&#8220;link_option_url&#8220; _module_preset=&#8220;default&#8220; header_level=&#8220;h2&#8243; header_font=&#8220;|||on|||||&#8220; header_font_size=&#8220;16px&#8220; body_font_size=&#8220;13px&#8220; body_line_height=&#8220;1em&#8220; min_height_tablet=&#8220;&#8220; min_height_phone=&#8220;&#8220; min_height_last_edited=&#8220;on|desktop&#8220; height=&#8220;320px&#8220; height_tablet=&#8220;420px&#8220; height_phone=&#8220;280px&#8220; height_last_edited=&#8220;on|phone&#8220; custom_padding=&#8220;23px|20px|23px|20px|true|true&#8220; custom_padding_tablet=&#8220;&#8220; custom_padding_phone=&#8220;&#8220; custom_padding_last_edited=&#8220;on|phone&#8220; link_option_url=&#8220;@ET-DC@eyJkeW5hbWljIjp0cnVlLCJjb250ZW50IjoicG9zdF9saW5rX3VybF9wYWdlIiwic2V0dGluZ3MiOnsicG9zdF9pZCI6IjIzNjE2MCJ9fQ==@&#8220; header_font_size_tablet=&#8220;&#8220; header_font_size_phone=&#8220;&#8220; header_font_size_last_edited=&#8220;on|desktop&#8220; body_font_size_tablet=&#8220;&#8220; body_font_size_phone=&#8220;13px&#8220; body_font_size_last_edited=&#8220;on|desktop&#8220; box_shadow_style=&#8220;preset1&#8243; box_shadow_blur=&#8220;14px&#8220; box_shadow_spread=&#8220;4px&#8220; locked=&#8220;off&#8220; global_colors_info=&#8220;{}&#8220;]<\/p>\n<p>Managing Partner<\/p>\n<p>[\/et_pb_blurb][\/et_pb_column][et_pb_column type=&#8220;1_3&#8243; _builder_version=&#8220;4.16&#8243; _module_preset=&#8220;default&#8220; global_colors_info=&#8220;{}&#8220;][et_pb_blurb title=&#8220;Julian Feulner&#8220; image=&#8220;http:\/\/www.hhp-ib.com\/wp-content\/uploads\/2020\/12\/HHP_Black_BG_left_III-3_-7.jpg&#8220; alt=&#8220;Julian Feulner&#8220; admin_label=&#8220;Informationstext&#8220; _builder_version=&#8220;4.16&#8243; _dynamic_attributes=&#8220;link_option_url&#8220; _module_preset=&#8220;default&#8220; header_level=&#8220;h2&#8243; header_font=&#8220;|||on|||||&#8220; header_font_size=&#8220;16px&#8220; body_font_size=&#8220;13px&#8220; body_line_height=&#8220;1em&#8220; min_height_tablet=&#8220;&#8220; min_height_phone=&#8220;&#8220; min_height_last_edited=&#8220;on|desktop&#8220; height=&#8220;320px&#8220; height_tablet=&#8220;420px&#8220; height_phone=&#8220;280px&#8220; height_last_edited=&#8220;on|phone&#8220; custom_padding=&#8220;23px|20px|23px|20px|true|true&#8220; custom_padding_tablet=&#8220;&#8220; custom_padding_phone=&#8220;&#8220; custom_padding_last_edited=&#8220;on|phone&#8220; link_option_url=&#8220;@ET-DC@eyJkeW5hbWljIjp0cnVlLCJjb250ZW50IjoicG9zdF9saW5rX3VybF9wYWdlIiwic2V0dGluZ3MiOnsicG9zdF9pZCI6IjQzNDEzIn19@&#8220; header_font_size_tablet=&#8220;&#8220; header_font_size_phone=&#8220;&#8220; header_font_size_last_edited=&#8220;on|desktop&#8220; body_font_size_tablet=&#8220;&#8220; body_font_size_phone=&#8220;13px&#8220; body_font_size_last_edited=&#8220;on|desktop&#8220; box_shadow_style=&#8220;preset1&#8243; box_shadow_blur=&#8220;14px&#8220; box_shadow_spread=&#8220;4px&#8220; global_colors_info=&#8220;{}&#8220;]<\/p>\n<p>Director<\/p>\n<p>[\/et_pb_blurb][\/et_pb_column][\/et_pb_row][et_pb_row column_structure=&#8220;1_3,1_3,1_3&#8243; use_custom_gutter=&#8220;on&#8220; gutter_width=&#8220;2&#8243; _builder_version=&#8220;4.19.5&#8243; _module_preset=&#8220;default&#8220; global_colors_info=&#8220;{}&#8220;][et_pb_column type=&#8220;1_3&#8243; _builder_version=&#8220;4.19.5&#8243; _module_preset=&#8220;default&#8220; global_colors_info=&#8220;{}&#8220;][et_pb_blurb title=&#8220;Thies Arndt&#8220; image=&#8220;https:\/\/www.hhp-ib.com\/wp-content\/uploads\/2022\/02\/ASC08550.jpg&#8220; alt=&#8220;Thies Arndt&#8220; admin_label=&#8220;Informationstext&#8220; _builder_version=&#8220;4.19.5&#8243; _dynamic_attributes=&#8220;link_option_url&#8220; _module_preset=&#8220;default&#8220; header_level=&#8220;h2&#8243; header_font=&#8220;|||on|||||&#8220; header_font_size=&#8220;16px&#8220; body_font_size=&#8220;13px&#8220; body_line_height=&#8220;1em&#8220; min_height_tablet=&#8220;&#8220; min_height_phone=&#8220;&#8220; min_height_last_edited=&#8220;on|desktop&#8220; height=&#8220;320px&#8220; height_tablet=&#8220;420px&#8220; height_phone=&#8220;280px&#8220; height_last_edited=&#8220;on|phone&#8220; custom_padding=&#8220;23px|20px|23px|20px|true|true&#8220; custom_padding_tablet=&#8220;&#8220; custom_padding_phone=&#8220;&#8220; custom_padding_last_edited=&#8220;on|phone&#8220; link_option_url=&#8220;@ET-DC@eyJkeW5hbWljIjp0cnVlLCJjb250ZW50IjoicG9zdF9saW5rX3VybF9wYWdlIiwic2V0dGluZ3MiOnsicG9zdF9pZCI6IjIzNTkyMiJ9fQ==@&#8220; header_font_size_tablet=&#8220;&#8220; header_font_size_phone=&#8220;&#8220; header_font_size_last_edited=&#8220;on|desktop&#8220; body_font_size_tablet=&#8220;&#8220; body_font_size_phone=&#8220;13px&#8220; body_font_size_last_edited=&#8220;on|desktop&#8220; box_shadow_style=&#8220;preset1&#8243; box_shadow_blur=&#8220;14px&#8220; box_shadow_spread=&#8220;4px&#8220; global_colors_info=&#8220;{}&#8220;]<\/p>\n<p>Associate Director<\/p>\n<p>[\/et_pb_blurb][\/et_pb_column][et_pb_column type=&#8220;1_3&#8243; _builder_version=&#8220;4.19.5&#8243; _module_preset=&#8220;default&#8220; global_colors_info=&#8220;{}&#8220;][et_pb_blurb title=&#8220;Vanessa Hilgenfeldt&#8220; image=&#8220;http:\/\/www.hhp-ib.com\/wp-content\/uploads\/2020\/12\/HHP_Black_VH_.jpg&#8220; alt=&#8220;Vanessa Hilgenfeldt&#8220; admin_label=&#8220;Informationstext&#8220; _builder_version=&#8220;4.16&#8243; _dynamic_attributes=&#8220;link_option_url&#8220; _module_preset=&#8220;default&#8220; header_level=&#8220;h2&#8243; header_font=&#8220;|||on|||||&#8220; header_font_size=&#8220;16px&#8220; body_font_size=&#8220;13px&#8220; body_line_height=&#8220;1em&#8220; min_height_tablet=&#8220;&#8220; min_height_phone=&#8220;&#8220; min_height_last_edited=&#8220;on|desktop&#8220; height=&#8220;320px&#8220; height_tablet=&#8220;420px&#8220; height_phone=&#8220;280px&#8220; height_last_edited=&#8220;on|phone&#8220; custom_padding=&#8220;23px|20px|23px|20px|true|true&#8220; custom_padding_tablet=&#8220;&#8220; custom_padding_phone=&#8220;&#8220; custom_padding_last_edited=&#8220;on|phone&#8220; link_option_url=&#8220;@ET-DC@eyJkeW5hbWljIjp0cnVlLCJjb250ZW50IjoicG9zdF9saW5rX3VybF9wYWdlIiwic2V0dGluZ3MiOnsicG9zdF9pZCI6IjQ0MDIyIn19@&#8220; header_font_size_tablet=&#8220;&#8220; header_font_size_phone=&#8220;&#8220; header_font_size_last_edited=&#8220;on|desktop&#8220; body_font_size_tablet=&#8220;&#8220; body_font_size_phone=&#8220;13px&#8220; body_font_size_last_edited=&#8220;on|desktop&#8220; box_shadow_style=&#8220;preset1&#8243; box_shadow_blur=&#8220;14px&#8220; box_shadow_spread=&#8220;4px&#8220; global_colors_info=&#8220;{}&#8220;]<\/p>\n<p>Office Manager<\/p>\n<p>[\/et_pb_blurb][\/et_pb_column][et_pb_column type=&#8220;1_3&#8243; _builder_version=&#8220;4.19.5&#8243; _module_preset=&#8220;default&#8220; global_colors_info=&#8220;{}&#8220;][\/et_pb_column][\/et_pb_row][et_pb_row column_structure=&#8220;1_3,1_3,1_3&#8243; use_custom_gutter=&#8220;on&#8220; gutter_width=&#8220;2&#8243; _builder_version=&#8220;4.19.5&#8243; _module_preset=&#8220;default&#8220; global_colors_info=&#8220;{}&#8220;][et_pb_column type=&#8220;1_3&#8243; _builder_version=&#8220;4.19.5&#8243; _module_preset=&#8220;default&#8220; global_colors_info=&#8220;{}&#8220;][\/et_pb_column][et_pb_column type=&#8220;1_3&#8243; _builder_version=&#8220;4.19.5&#8243; _module_preset=&#8220;default&#8220; global_colors_info=&#8220;{}&#8220;][\/et_pb_column][et_pb_column type=&#8220;1_3&#8243; _builder_version=&#8220;4.19.5&#8243; _module_preset=&#8220;default&#8220; global_colors_info=&#8220;{}&#8220;][\/et_pb_column][\/et_pb_row][\/et_pb_section]<\/p>\n","protected":false},"excerpt":{"rendered":"<p>Gr\u00fcnder und Managing Partner Frankfurt am MainMehr als 15 Jahre Erfahrung im Investmentbanking mit besonderem Schwerpunkt auf dem europ\u00e4ischen TMT-Markt bringt Marc-Olaf, einer der beiden HHP-Gr\u00fcnder, mit. Er leitete die TMT-Aktivit\u00e4ten von Jefferies International im deutschsprachigen Raum und war Teil des EMEA-TMT-Teams bei der UBS Investment Bank in London. Er startete seine Karriere bei Kuna [&hellip;]<\/p>\n","protected":false},"author":4,"featured_media":0,"parent":0,"menu_order":0,"comment_status":"closed","ping_status":"closed","template":"","meta":{"_et_pb_use_builder":"on","_et_pb_old_content":"","_et_gb_content_width":"","_monsterinsights_skip_tracking":false,"_monsterinsights_sitenote_active":false,"_monsterinsights_sitenote_note":"","_monsterinsights_sitenote_category":0,"footnotes":""},"class_list":["post-44001","page","type-page","status-publish","hentry"],"_links":{"self":[{"href":"https:\/\/www.hhp-ib.com\/de\/wp-json\/wp\/v2\/pages\/44001","targetHints":{"allow":["GET"]}}],"collection":[{"href":"https:\/\/www.hhp-ib.com\/de\/wp-json\/wp\/v2\/pages"}],"about":[{"href":"https:\/\/www.hhp-ib.com\/de\/wp-json\/wp\/v2\/types\/page"}],"author":[{"embeddable":true,"href":"https:\/\/www.hhp-ib.com\/de\/wp-json\/wp\/v2\/users\/4"}],"replies":[{"embeddable":true,"href":"https:\/\/www.hhp-ib.com\/de\/wp-json\/wp\/v2\/comments?post=44001"}],"version-history":[{"count":26,"href":"https:\/\/www.hhp-ib.com\/de\/wp-json\/wp\/v2\/pages\/44001\/revisions"}],"predecessor-version":[{"id":238154,"href":"https:\/\/www.hhp-ib.com\/de\/wp-json\/wp\/v2\/pages\/44001\/revisions\/238154"}],"wp:attachment":[{"href":"https:\/\/www.hhp-ib.com\/de\/wp-json\/wp\/v2\/media?parent=44001"}],"curies":[{"name":"wp","href":"https:\/\/api.w.org\/{rel}","templated":true}]}}