{"id":44686,"date":"2020-12-09T10:54:28","date_gmt":"2020-12-09T09:54:28","guid":{"rendered":"http:\/\/www.hhp-ib.com\/?page_id=44686"},"modified":"2023-02-06T14:58:36","modified_gmt":"2023-02-06T13:58:36","slug":"impressum","status":"publish","type":"page","link":"https:\/\/www.hhp-ib.com\/de\/impressum","title":{"rendered":"Impressum"},"content":{"rendered":"<p>[et_pb_section fb_built=&#8220;1&#8243; _builder_version=&#8220;4.16&#8243; _module_preset=&#8220;default&#8220; global_colors_info=&#8220;{}&#8220;][et_pb_row custom_padding_last_edited=&#8220;on|phone&#8220; _builder_version=&#8220;4.16&#8243; _module_preset=&#8220;default&#8220; custom_padding=&#8220;119px||282px||false|false&#8220; custom_padding_tablet=&#8220;98px||234px||false|false&#8220; custom_padding_phone=&#8220;0px||47px||false|false&#8220; global_colors_info=&#8220;{}&#8220;][et_pb_column type=&#8220;4_4&#8243; _builder_version=&#8220;4.16&#8243; _module_preset=&#8220;default&#8220; global_colors_info=&#8220;{}&#8220;][et_pb_text _builder_version=&#8220;4.16&#8243; _module_preset=&#8220;default&#8220; max_width=&#8220;45%&#8220; max_width_tablet=&#8220;65%&#8220; max_width_phone=&#8220;75%&#8220; header_font_size_tablet=&#8220;24px&#8220; global_colors_info=&#8220;{}&#8220;]<\/p>\n<h1>Impressum<\/h1>\n<p>[\/et_pb_text][et_pb_text _builder_version=&#8220;4.16&#8243; _module_preset=&#8220;default&#8220; global_colors_info=&#8220;{}&#8220;]<\/p>\n<p>Herbst Hilgenfeldt GmbH<br \/>Staufenstra\u00dfe 42<br \/>60323 Frankfurt am Main<\/p>\n<p><strong>Gesch\u00e4ftsf\u00fchrer:<\/strong><br \/>Marc-Olaf Hilgenfeldt<br \/>Alexander Hofmann<\/p>\n<p><strong>Kontaktdetails:<\/strong><br \/>T +49 69 717 1989 0<br \/>F +49 69 717 1989 59<br \/>E-Mail: <a href=\"mailto:info@herbstpartner.com\">info@hhp-ib.com<\/a><\/p>\n<p><strong>Handelsregister:<\/strong><br \/>Amtsgericht Bad Homburg HRB 13849<\/p>\n<p><strong>Umsatzsteuer-Identifikationsnummer:<\/strong><br \/>DE307581116<\/p>\n<p>[\/et_pb_text][\/et_pb_column][\/et_pb_row][\/et_pb_section]<\/p>\n","protected":false},"excerpt":{"rendered":"<p>ImpressumHerbst Hilgenfeldt GmbHStaufenstra\u00dfe 4260323 Frankfurt am Main Gesch\u00e4ftsf\u00fchrer:Marc-Olaf HilgenfeldtAlexander Hofmann Kontaktdetails:T +49 69 717 1989 0F +49 69 717 1989 59E-Mail: info@hhp-ib.com Handelsregister:Amtsgericht Bad Homburg HRB 13849 Umsatzsteuer-Identifikationsnummer:DE307581116<\/p>\n","protected":false},"author":1,"featured_media":0,"parent":0,"menu_order":0,"comment_status":"closed","ping_status":"closed","template":"","meta":{"_et_pb_use_builder":"on","_et_pb_old_content":"","_et_gb_content_width":"","_monsterinsights_skip_tracking":false,"_monsterinsights_sitenote_active":false,"_monsterinsights_sitenote_note":"","_monsterinsights_sitenote_category":0,"footnotes":""},"class_list":["post-44686","page","type-page","status-publish","hentry"],"_links":{"self":[{"href":"https:\/\/www.hhp-ib.com\/de\/wp-json\/wp\/v2\/pages\/44686","targetHints":{"allow":["GET"]}}],"collection":[{"href":"https:\/\/www.hhp-ib.com\/de\/wp-json\/wp\/v2\/pages"}],"about":[{"href":"https:\/\/www.hhp-ib.com\/de\/wp-json\/wp\/v2\/types\/page"}],"author":[{"embeddable":true,"href":"https:\/\/www.hhp-ib.com\/de\/wp-json\/wp\/v2\/users\/1"}],"replies":[{"embeddable":true,"href":"https:\/\/www.hhp-ib.com\/de\/wp-json\/wp\/v2\/comments?post=44686"}],"version-history":[{"count":6,"href":"https:\/\/www.hhp-ib.com\/de\/wp-json\/wp\/v2\/pages\/44686\/revisions"}],"predecessor-version":[{"id":237649,"href":"https:\/\/www.hhp-ib.com\/de\/wp-json\/wp\/v2\/pages\/44686\/revisions\/237649"}],"wp:attachment":[{"href":"https:\/\/www.hhp-ib.com\/de\/wp-json\/wp\/v2\/media?parent=44686"}],"curies":[{"name":"wp","href":"https:\/\/api.w.org\/{rel}","templated":true}]}}