{"id":235100,"date":"2021-03-20T15:08:07","date_gmt":"2021-03-20T14:08:07","guid":{"rendered":"https:\/\/www.hhp-ib.com\/career"},"modified":"2023-06-12T14:06:36","modified_gmt":"2023-06-12T12:06:36","slug":"career","status":"publish","type":"page","link":"https:\/\/www.hhp-ib.com\/en\/career","title":{"rendered":"Career"},"content":{"rendered":"<p>[et_pb_section fb_built=&#8221;1&#8243; admin_label=&#8221;Hero&#8221; _builder_version=&#8221;4.16&#8243; _module_preset=&#8221;default&#8221; background_color=&#8221;#efefef&#8221; custom_margin=&#8221;0px||0px||true|false&#8221; custom_padding=&#8221;0px||0px||true|false&#8221; global_colors_info=&#8221;{}&#8221;][et_pb_row _builder_version=&#8221;4.16&#8243; _module_preset=&#8221;default&#8221; background_enable_color=&#8221;off&#8221; background_image=&#8221;https:\/\/www.hhp-ib.com\/wp-content\/uploads\/2020\/12\/HHP_stairs.jpg&#8221; width=&#8221;100%&#8221; max_width=&#8221;100%&#8221; min_height=&#8221;55vh&#8221; min_height_tablet=&#8221;35vh&#8221; min_height_phone=&#8221;25vh&#8221; min_height_last_edited=&#8221;on|phone&#8221; global_colors_info=&#8221;{}&#8221;][et_pb_column type=&#8221;4_4&#8243; _builder_version=&#8221;4.16&#8243; _module_preset=&#8221;default&#8221; global_colors_info=&#8221;{}&#8221;][et_pb_divider show_divider=&#8221;off&#8221; _builder_version=&#8221;4.16&#8243; _module_preset=&#8221;default&#8221; height=&#8221;700px&#8221; height_tablet=&#8221;&#8221; height_phone=&#8221;&#8221; height_last_edited=&#8221;on|desktop&#8221; global_colors_info=&#8221;{}&#8221;][\/et_pb_divider][\/et_pb_column][\/et_pb_row][\/et_pb_section][et_pb_section fb_built=&#8221;1&#8243; _builder_version=&#8221;4.16&#8243; _module_preset=&#8221;default&#8221; custom_margin=&#8221;||100px||false|false&#8221; custom_margin_tablet=&#8221;&#8221; custom_margin_phone=&#8221;||0px||false|false&#8221; custom_margin_last_edited=&#8221;on|phone&#8221; global_colors_info=&#8221;{}&#8221;][et_pb_row _builder_version=&#8221;4.16&#8243; _module_preset=&#8221;default&#8221; global_colors_info=&#8221;{}&#8221;][et_pb_column type=&#8221;4_4&#8243; _builder_version=&#8221;4.16&#8243; _module_preset=&#8221;default&#8221; global_colors_info=&#8221;{}&#8221;][et_pb_text _builder_version=&#8221;4.16&#8243; _module_preset=&#8221;default&#8221; text_font=&#8221;Raleway|||on|||||&#8221; text_text_color=&#8221;#7a7a7a&#8221; text_font_size=&#8221;13px&#8221; text_letter_spacing=&#8221;1px&#8221; custom_margin=&#8221;||13px||false|false&#8221; custom_margin_tablet=&#8221;||10px||false|false&#8221; custom_margin_phone=&#8221;&#8221; custom_margin_last_edited=&#8221;on|tablet&#8221; text_font_size_tablet=&#8221;12px&#8221; text_font_size_phone=&#8221;11px&#8221; global_colors_info=&#8221;{}&#8221;]<\/p>\n<p>EXPERIENCED, INDEPENDENT, COMPETENT<\/p>\n<p>[\/et_pb_text][et_pb_text _builder_version=&#8221;4.21.0&#8243; _module_preset=&#8221;default&#8221; max_width_tablet=&#8221;65%&#8221; max_width_phone=&#8221;75%&#8221; hover_enabled=&#8221;0&#8243; header_font_size_tablet=&#8221;24px&#8221; global_colors_info=&#8221;{}&#8221; module_class=&#8221;head-start&#8221; sticky_enabled=&#8221;0&#8243;]<\/p>\n<h1>Herbst Hilgenfeldt Partners (HHP)<\/h1>\n<p>[\/et_pb_text][et_pb_text _builder_version=&#8221;4.16&#8243; _module_preset=&#8221;default&#8221; global_colors_info=&#8221;{}&#8221;]<\/p>\n<p>HHP is one of the leading TMT corporate finance and M&amp;A advisors in German-speaking Europe. The senior team comprises solely of members who previously worked for global investment banks such as UBS, Jefferies, Credit Suisse and Rothschild in managerial positions.<\/p>\n<p>TMT is at the heart of our business \u2013 and no other team can match HHP in terms of deal volume, number of deals and excellent relationships with senior decision-makers that enable consistent and impressive deal flow.<\/p>\n<p>We are currently looking for:<\/p>\n<p>[\/et_pb_text][\/et_pb_column][\/et_pb_row][et_pb_row _builder_version=&#8221;4.16&#8243; _module_preset=&#8221;default&#8221; custom_padding=&#8221;0px||0px||true|false&#8221; global_colors_info=&#8221;{}&#8221;][et_pb_column type=&#8221;4_4&#8243; _builder_version=&#8221;4.16&#8243; _module_preset=&#8221;default&#8221; global_colors_info=&#8221;{}&#8221;][et_pb_accordion icon_color=&#8221;#000000&#8243; use_icon_font_size=&#8221;on&#8221; icon_font_size=&#8221;40px&#8221; _builder_version=&#8221;4.20.2&#8243; _module_preset=&#8221;default&#8221; toggle_level=&#8221;h2&#8243; toggle_font=&#8221;Raleway|||on|||||&#8221; toggle_font_size=&#8221;24px&#8221; background_color=&#8221;rgba(0,0,0,0)&#8221; toggle_font_size_tablet=&#8221;18px&#8221; toggle_font_size_phone=&#8221;13px&#8221; toggle_font_size_last_edited=&#8221;on|desktop&#8221; border_width_all=&#8221;0px&#8221; global_colors_info=&#8221;{}&#8221;][et_pb_accordion_item title=&#8221;Your Title Goes Here&#8221; open=&#8221;on&#8221; _builder_version=&#8221;4.16&#8243; _module_preset=&#8221;default&#8221; custom_css_main_element=&#8221;display: none;&#8221; global_colors_info=&#8221;{}&#8221;]<\/p>\n<p>Your content goes here. Edit or remove this text inline or in the module Content settings. You can also style every aspect of this content in the module Design settings and even apply custom CSS to this text in the module Advanced settings.<\/p>\n<p>[\/et_pb_accordion_item][et_pb_accordion_item title=&#8221;Analyst (m\/f\/d) TMT Corporate Finance \/ Mergers &#038; Acquisitions&#8221; icon_color=&#8221;#000000&#8243; _builder_version=&#8221;4.20.2&#8243; _module_preset=&#8221;default&#8221; background_color=&#8221;#f4f4f4&#8243; background_enable_color=&#8221;on&#8221; global_colors_info=&#8221;{}&#8221; open=&#8221;off&#8221;]<\/p>\n<p><strong><\/strong><\/p>\n<p><strong>Location:<\/strong> Frankfurt am Main<\/p>\n<p>For our Frankfurt office, we are now hiring an Analyst (m\/f\/d) to support the team in its rapid expansion.<span class=\"Apple-converted-space\"> <\/span><\/p>\n<p>&nbsp;<\/p>\n<p><strong>Responsibilities<\/strong><\/p>\n<ul>\n<li>Actively participate in the origination and execution of Corporate Finance related transactions across the DACH region and Europe<\/li>\n<li>Key functions will include, but not be limited to, preparing management presentations, marketing pitches, company research, etc.<\/li>\n<li>Construct and maintain various financial models. This would include both DCF and LBO models<\/li>\n<li>Provide on-going support for maintaining relationships with clients and business partners<\/li>\n<li>Work closely with senior management<span class=\"Apple-converted-space\"> <\/span><\/li>\n<\/ul>\n<p>&nbsp;<\/p>\n<p><strong>Requirements<\/strong><\/p>\n<ul>\n<li>International Bachelor\/Masters\/University Degree holder in Finance, Accounting or related discipline<\/li>\n<li>Experience in Investment Banking\/Big-4 environment helpful<\/li>\n<li>Excellent communication skills<\/li>\n<li>Strong modelling skills in both DCF and LBO, and possess a proven track record in M&amp;A\/Corporate Finance related transactions<\/li>\n<\/ul>\n<h3><\/h3>\n<p><strong><\/strong><\/p>\n<p><strong>Application<\/strong><\/p>\n<p>Apply now at one of Germany\u2019s fastest growing Corporate Finance and M&amp;A boutique. Please submit your cover letter together with your current CV and transscripts\/references to Vanessa Hilgenfeldt, E-mail: <a href=\"mailto:career@hhp-ib.com\" title=\"career@hhp-ib.com\">career@hhp-ib.com<\/a><\/p>\n<p>If you have any question, please feel free to reach out under <strong>+49 69 717 1989 0<\/strong>.<\/p>\n<p>&nbsp;<\/p>\n<p>&nbsp;<\/p>\n<p>&nbsp;<\/p>\n<p>[\/et_pb_accordion_item][et_pb_accordion_item title=&#8221;Intern (m\/w\/d) TMT Corporate Finance \/ Mergers &#038; Acquisitions&#8221; icon_color=&#8221;#000000&#8243; _builder_version=&#8221;4.20.2&#8243; _module_preset=&#8221;default&#8221; background_color=&#8221;#f4f4f4&#8243; background_enable_color=&#8221;on&#8221; global_colors_info=&#8221;{}&#8221; open=&#8221;off&#8221;]<\/p>\n<p><strong><\/strong><\/p>\n<p><strong>Location:<\/strong> Frankfurt am Main<\/p>\n<p>For our Frankfurt office, we are now hiring an Intern (m\/f\/d) to support the team in its rapid expansion. Successful internship candidates are clearly our first choice for permanent positions.<\/p>\n<p>&nbsp;<\/p>\n<p><strong>Responsibilities<\/strong><\/p>\n<p>You will be a full member of a small but extremely experienced and highly driven team from day one. As such you will be involved in every aspect of a M&amp;A transaction from idea generation to pitching and deal execution.<\/p>\n<p>You will be working very closely with all staff including Senior Partners and will be able to learn from more than 55 years of combined Investment Banking experience.<\/p>\n<p>At the beginning of your internship we will equip you with the practical and technical knowledge and introduce you to various tools needed for Corporate Finance advisory.<\/p>\n<p>This will enable you to support the team along all stages of Corporate Finance transactions, including the diligent and professional presentation of companies (company profiles), in-depth market and competitive landscape research as well as company valuations (including financial modelling).<\/p>\n<p>If you feel the draft, have a strong can-do-attitude and entrepreneurial mindset, we look forward to receiving your application!<\/p>\n<p>&nbsp;<\/p>\n<p><strong>Requirements<\/strong><\/p>\n<ul>\n<li>Student (ideally economy \/ business \/ finance related)<\/li>\n<li>Profound theoretical knowledge of Corporate Finance \/ Investment Banking matters (i.a. general understanding of Corporate Finance purposes, M&amp;A processes and valuation methods)<\/li>\n<li>Prior experience \/ internships in the fields of investment banking, corporate finance or transaction advisory helpful<\/li>\n<li>Exceptional communication skills both in the German as well as English language (both as least C1 level)<\/li>\n<li>Highly proficient in MS Office products, especially in PowerPoint and Excel<\/li>\n<li>Analytical, highly motivated and detail-oriented team-player who performs well under pressure<\/li>\n<li>Minimum availability of 3 months helpful<\/li>\n<\/ul>\n<h3><\/h3>\n<p><strong>Application<\/strong><\/p>\n<p>Apply now at one of Germany\u2019s fastest growing Corporate Finance and M&amp;A boutique. Please submit your cover letter together with your current CV and transscripts\/references to Vanessa Hilgenfeldt, E-mail: <a href=\"mailto:career@hhp-ib.com\">career@hhp-ib.com<\/a><a href=\"mailto:career@hhp-ib.com\" title=\"v.hilgenfeldt@herbstpartner.com\"><\/a><\/p>\n<p>If you have any question, please feel free to reach out under <strong>+49 69 717 1989 0<\/strong>.<\/p>\n<p>&nbsp;<\/p>\n<p>&nbsp;<\/p>\n<p>&nbsp;<\/p>\n<p>[\/et_pb_accordion_item][et_pb_accordion_item title=&#8221;Executive Assistant (m\/w\/d) &#8221; icon_color=&#8221;#000000&#8243; _builder_version=&#8221;4.19.5&#8243; _module_preset=&#8221;default&#8221; background_color=&#8221;#f4f4f4&#8243; background_enable_color=&#8221;on&#8221; custom_css_main_element=&#8221;display:none;&#8221; global_colors_info=&#8221;{}&#8221; open=&#8221;off&#8221;]<\/p>\n<p><strong><\/strong><\/p>\n<p>HHP ist eine inhabergef\u00fchrte Investmentbanking-Boutique mit Schwerpunkt im europ\u00e4ischen Telekommunikations-\/Medien-\/Technologiesektor und B\u00fcros in Frankfurt und London. HHP agiert als unabh\u00e4ngiger Corporate Finance-Berater bei Unternehmens\u00fcbernahmen, Abspaltungen, Ausgliederungen und privatplatzierten Kapitalbeschaffungstransaktionen.<\/p>\n<p><span style=\"font-size: 17px;\"> HHP focuses on offering first class advice to its clients in all corporate finance topics.<\/span><\/p>\n<p><span style=\"font-size: 17px;\">To support our expanding team in Frankfurt we are searching for uniquely talented Executive Assistant (m\/f\/d).<\/span><\/p>\n<p><u>Qualifications:<\/u><\/p>\n<ul>\n<li>Prior work experience as assistant (banking or strategy consulting preferred)<\/li>\n<li>Proficient or business fluent language skills in German and English (written and spoken)<\/li>\n<li>Solid knowledge in MS-Office<\/li>\n<li>Independent, reliable and service oriented<\/li>\n<li>High level of commitment, resilience and flexibility<\/li>\n<\/ul>\n<p><u>Job Description:<\/u><\/p>\n<ul>\n<li>Proactive assistance to 3 partners and team including upon others travel management, calendar management, keeping contact data updated, email monitoring<\/li>\n<li>Planning and scheduling of external and internal meetings and events<\/li>\n<li>Point of contact for external service providers<\/li>\n<li>Procurement of office supplies<\/li>\n<li>Supervision of new joiners (including set up of workplace and management of access authorisation, IT equipment, email address, licences, etc.)<\/li>\n<\/ul>\n<p><u>What you can expect from us:<\/u><\/p>\n<ul>\n<li>Flat hierarchy<\/li>\n<li>Flexible structures and freedom to shape own workspace<\/li>\n<li>Versatile responsibilities with possibility for extension or change<\/li>\n<li>Modern workspace in a central location of Frankfurt<\/li>\n<li>Close and trustful collaboration in a dynamic, highly qualified team with hands-on mentality<\/li>\n<li>Attractive remuneration depending on experience<\/li>\n<\/ul>\n<p><u>Contact:<\/u><\/p>\n<p><span style=\"font-size: 17px;\">Vanessa Hilgenfeldt (Office Manager), <\/span><span style=\"font-size: 17px;\"><a href=\"mailto:v.hilgenfeldt@herbstpartner.com\">v.hilgenfeldt@herbstpartner.com<\/a><\/span><span style=\"font-size: 17px;\">, +49 171 900 1236<\/span><\/p>\n<p>[\/et_pb_accordion_item][\/et_pb_accordion][\/et_pb_column][\/et_pb_row][\/et_pb_section]<\/p>\n","protected":false},"excerpt":{"rendered":"<p>EXPERIENCED, INDEPENDENT, COMPETENTHerbst Hilgenfeldt Partners (HHP)HHP is one of the leading TMT corporate finance and M&amp;A advisors in German-speaking Europe. The senior team comprises solely of members who previously worked for global investment banks such as UBS, Jefferies, Credit Suisse and Rothschild in managerial positions. TMT is at the heart of our business \u2013 and [&hellip;]<\/p>\n","protected":false},"author":1,"featured_media":0,"parent":0,"menu_order":0,"comment_status":"closed","ping_status":"closed","template":"","meta":{"_et_pb_use_builder":"on","_et_pb_old_content":"","_et_gb_content_width":"","_monsterinsights_skip_tracking":false,"_monsterinsights_sitenote_active":false,"_monsterinsights_sitenote_note":"","_monsterinsights_sitenote_category":0,"footnotes":""},"class_list":["post-235100","page","type-page","status-publish","hentry"],"_links":{"self":[{"href":"https:\/\/www.hhp-ib.com\/en\/wp-json\/wp\/v2\/pages\/235100","targetHints":{"allow":["GET"]}}],"collection":[{"href":"https:\/\/www.hhp-ib.com\/en\/wp-json\/wp\/v2\/pages"}],"about":[{"href":"https:\/\/www.hhp-ib.com\/en\/wp-json\/wp\/v2\/types\/page"}],"author":[{"embeddable":true,"href":"https:\/\/www.hhp-ib.com\/en\/wp-json\/wp\/v2\/users\/1"}],"replies":[{"embeddable":true,"href":"https:\/\/www.hhp-ib.com\/en\/wp-json\/wp\/v2\/comments?post=235100"}],"version-history":[{"count":31,"href":"https:\/\/www.hhp-ib.com\/en\/wp-json\/wp\/v2\/pages\/235100\/revisions"}],"predecessor-version":[{"id":237882,"href":"https:\/\/www.hhp-ib.com\/en\/wp-json\/wp\/v2\/pages\/235100\/revisions\/237882"}],"wp:attachment":[{"href":"https:\/\/www.hhp-ib.com\/en\/wp-json\/wp\/v2\/media?parent=235100"}],"curies":[{"name":"wp","href":"https:\/\/api.w.org\/{rel}","templated":true}]}}